{"id":12882,"date":"2020-06-25T14:53:01","date_gmt":"2020-06-25T14:53:58","guid":{"rendered":"https:\/\/evotek.md\/?post_type=product&#038;p=12882"},"modified":"2023-03-03T16:00:38","modified_gmt":"2023-03-03T16:00:38","slug":"mese-frigorifice-cu-usi-si-chiuveta-empero","status":"publish","type":"product","link":"https:\/\/evotek.md\/ro\/produse\/echipamente-frigorifice\/masa-frigider\/mese-frigorifice-cu-usi-si-chiuveta-empero\/","title":{"rendered":"MASA FRIGORIFICA CU BORDUR LA PERETE SI CHIUVETA, 2 USI, 300 LITRI -EMP.150.70.01-EV"},"content":{"rendered":"<p><strong>MASA FRIGORIFICA CU BORDUR LA PERETE SI CHIUVETA, 2 USI, 300 LITRI -EMP.150.70.01-EV-<\/strong> pentru buc\u0103t\u0103rii profesionale. Facilit\u0103\u021bi: Evaporarea automat\u0103 a apei \u00een timpul dezghe\u021b\u0103rii; indicator electronic al temperaturii \u0219i controlului dezghe\u021bului; compresor ventilat deta\u0219abil; ventilator de r\u0103cire; Izola\u021bie poliuretanic\u0103 \u201esigur\u0103 la ozon\u201d de 48 mm; U\u0219ile cu \u00eenchidere automat\u0103 se blocheaz\u0103 la 45 de grade; placa superioar\u0103 rotunjit\u0103 \u00een fa\u021b\u0103; evaporator cu panou din aluminiu \u0219i tub de cupru; reglabil; rafturi din inox; raft interior acoperit din plastic; carcas\u0103 din inox; Domeniu de lucru; 0\u00baC, + 5\u00baC (tropical 43\u00baC); 220 V &#8211; 230 V -1 + n -50 60 Hz; &#8220;CFC Free&#8221;, agent frigorific R-134; densitate 40 kg \/ m3.<\/p>\n<p>Caracteristici<\/p>\n<p>Dimensiuni mm: 1500x700x850<\/p>\n<p>Greutate kg: 95<\/p>\n<p>Putere: 0,35<\/p>\n<p>Capacitate L: 300<\/p>\n<p>&nbsp;<\/p>\n","protected":false},"excerpt":{"rendered":"<p>Mese frigorifice cu u\u0219i \u0219i chiuvet\u0103. Descriere: mas\u0103 frigorific\u0103 cu dou\u0103 u\u0219i (cu chiuvet\u0103); Dimensiuni mm: 1500x700x850; Greutate kg: 95; Putere: 0,35; Capacitate L: 300.<\/p>\n","protected":false},"featured_media":12881,"template":"","meta":[],"_links":{"self":[{"href":"https:\/\/evotek.md\/ro\/wp-json\/wp\/v2\/product\/12882"}],"collection":[{"href":"https:\/\/evotek.md\/ro\/wp-json\/wp\/v2\/product"}],"about":[{"href":"https:\/\/evotek.md\/ro\/wp-json\/wp\/v2\/types\/product"}],"wp:featuredmedia":[{"embeddable":true,"href":"https:\/\/evotek.md\/ro\/wp-json\/wp\/v2\/media\/12881"}],"wp:attachment":[{"href":"https:\/\/evotek.md\/ro\/wp-json\/wp\/v2\/media?parent=12882"}],"curies":[{"name":"wp","href":"https:\/\/api.w.org\/{rel}","templated":true}]}}