{"id":12834,"date":"2020-06-24T08:17:26","date_gmt":"2020-06-24T08:18:12","guid":{"rendered":"https:\/\/evotek.md\/?post_type=product&#038;p=12834"},"modified":"2023-01-18T14:29:54","modified_gmt":"2023-01-18T14:29:54","slug":"plita-cu-inductie-de-masa-stalgast-770351","status":"publish","type":"product","link":"https:\/\/evotek.md\/ro\/produse\/echipamente-termice\/plite-cu-inductie\/plita-cu-inductie-de-masa-stalgast-770351\/","title":{"rendered":"PLITA CU INDUCTIE 1 ARZATOR ST-770351"},"content":{"rendered":"<p><strong>PLITA CU INDUCTIE 1 ARZATOR ST-770351- <\/strong>Plit\u0103 cu inductie cu zona de inc\u0103lzire \u00d8 120-260 mm. Reglare electronic\u0103 a puterii, temperaturii, timpului. O suprafa\u021b\u0103 de lucru din sticl\u0103 rezistent\u0103 special\u0103 cu masc\u0103 \u00eentunecat\u0103 este sudat\u0103 \u00een corp. Siguran\u021b\u0103 supra\u00eenc\u0103lzitoare. Cronometru electronic pentru num\u0103rare invers\u0103 p\u00e2n\u0103 la 180 de minute. Includerea \u0219i reglarea automat\u0103 a diametrului zonei de \u00eenc\u0103lzire pentru diametrul vaselor. Indicator de tensiune, cronometru. Carcas\u0103 din inox.<\/p>\n<p>Caracteristici<\/p>\n<p>Tip de instalare: de mas\u0103<\/p>\n<p>Num\u0103rul de arz\u0103toare: 1<\/p>\n<p>Tensiune: 220 V<\/p>\n<p>Putere: 3,5 kW<\/p>\n<p>Dimensiuni: 325x425x100 mm<\/p>\n<p>Produc\u0103tor: Stalgast (Polonia)<\/p>\n<p>&nbsp;<\/p>\n","protected":false},"excerpt":{"rendered":"<p>Plit\u0103 cu induc\u021bie cu zona de incalzire \u00d8 120-260 mm. Tensiune: 220 V. Putere: 3,5 kW. Dimensiuni generale: 325x425x100 mm.<\/p>\n","protected":false},"featured_media":12833,"template":"","meta":[],"_links":{"self":[{"href":"https:\/\/evotek.md\/ro\/wp-json\/wp\/v2\/product\/12834"}],"collection":[{"href":"https:\/\/evotek.md\/ro\/wp-json\/wp\/v2\/product"}],"about":[{"href":"https:\/\/evotek.md\/ro\/wp-json\/wp\/v2\/types\/product"}],"wp:featuredmedia":[{"embeddable":true,"href":"https:\/\/evotek.md\/ro\/wp-json\/wp\/v2\/media\/12833"}],"wp:attachment":[{"href":"https:\/\/evotek.md\/ro\/wp-json\/wp\/v2\/media?parent=12834"}],"curies":[{"name":"wp","href":"https:\/\/api.w.org\/{rel}","templated":true}]}}