{"id":12770,"date":"2020-06-18T14:09:05","date_gmt":"2020-06-18T14:09:05","guid":{"rendered":"https:\/\/evotek.md\/?post_type=product&#038;p=12770"},"modified":"2020-07-30T07:08:05","modified_gmt":"2020-07-30T07:08:05","slug":"cuptoare-pentru-pita-si-pizza-turceasca-pe-gaz-cu-supapa","status":"publish","type":"product","link":"https:\/\/evotek.md\/ro\/produse\/echipamente-termice\/cuptoare-pentru-pizza-cuptoare\/cuptoare-pentru-pita-si-pizza-turceasca-pe-gaz-cu-supapa\/","title":{"rendered":"CUPTOARE PENTRU PIT\u0102 \u0218I PIZZA TURCEASC\u0102, PE GAZ (CU SUPAP\u0102) -PLF.D1"},"content":{"rendered":"<p><strong>CUPTOARE PENTRU PIT\u0102 \u0218I PIZZA TURCEASC\u0102, PE GAZ (CU SUPAP\u0102)-<\/strong> Pentru buc\u0103t\u0103riile profesionale. Supape magnetice de siguran\u021b\u0103 pentru cuptoarele care func\u021bioneaz\u0103 pe Ng. Temperatura de operare: 180\u00baC -200\u00baC. Cuptoarele au izola\u021bie din vat\u0103 mineral\u0103 \u00een partea de sus a cuptorului, \u0219i zona exterioar\u0103 a pl\u0103cilor vitrate.<\/p>\n<p>Caracteristici<\/p>\n<p><img class=\"alignnone wp-image-12765\" src=\"https:\/\/evotek.md\/wp-content\/uploads\/2020\/06\/4-RO-2-800x209.png\" alt=\"\" width=\"693\" height=\"181\" srcset=\"https:\/\/evotek.md\/wp-content\/uploads\/2020\/06\/4-RO-2-800x209.png 800w, https:\/\/evotek.md\/wp-content\/uploads\/2020\/06\/4-RO-2-768x200.png 768w, https:\/\/evotek.md\/wp-content\/uploads\/2020\/06\/4-RO-2-600x157.png 600w, https:\/\/evotek.md\/wp-content\/uploads\/2020\/06\/4-RO-2.png 1226w\" sizes=\"(max-width: 693px) 100vw, 693px\" \/><\/p>\n","protected":false},"excerpt":{"rendered":"<p>Cuptoare pentru pit\u0103 \u0219i pizza turceasc\u0103 (cu supap\u0103).<\/p>\n<p><strong><em>PLF.D1 &#8211;<\/em><\/strong> Dimensiuni: 1200x1200x1720\/ 2020 mm; Dimensiuni interioare: 1000&#215;1000; Putere: 40 kw.<\/p>\n<p><strong><em>PLF.D2<\/em><\/strong> &#8211; Dimensiuni: 1200x1400x1720\/ 2020 mm; Dimensiuni interioare: 1000&#215;1000; Putere: 46 kw.<\/p>\n<p><strong><em>PLF.D4 &#8211;<\/em><\/strong> Dimensiuni: 1400x1600x1720\/ 2020 mm; Dimensiuni interioare: 1000&#215;1000; Putere: 55 kw.<\/p>\n<p><strong><em>PLF.D5 &#8211;<\/em><\/strong> Dimensiuni: 1600x1800x1720\/ 2020 mm; Dimensiuni interioare: 1000&#215;1000; Putere: 63 kw.<\/p>\n","protected":false},"featured_media":12769,"template":"","meta":[],"_links":{"self":[{"href":"https:\/\/evotek.md\/ro\/wp-json\/wp\/v2\/product\/12770"}],"collection":[{"href":"https:\/\/evotek.md\/ro\/wp-json\/wp\/v2\/product"}],"about":[{"href":"https:\/\/evotek.md\/ro\/wp-json\/wp\/v2\/types\/product"}],"wp:featuredmedia":[{"embeddable":true,"href":"https:\/\/evotek.md\/ro\/wp-json\/wp\/v2\/media\/12769"}],"wp:attachment":[{"href":"https:\/\/evotek.md\/ro\/wp-json\/wp\/v2\/media?parent=12770"}],"curies":[{"name":"wp","href":"https:\/\/api.w.org\/{rel}","templated":true}]}}