{"id":12756,"date":"2020-06-18T13:11:23","date_gmt":"2020-06-18T13:11:23","guid":{"rendered":"https:\/\/evotek.md\/?post_type=product&#038;p=12756"},"modified":"2020-06-18T13:25:12","modified_gmt":"2020-06-18T13:25:12","slug":"cuptor-pentru-pizza-electric-300x6-pizza-emp-spo-04","status":"publish","type":"product","link":"https:\/\/evotek.md\/ro\/produse\/echipamente-termice\/cuptoare-pentru-pizza-cuptoare\/cuptor-pentru-pizza-electric-300x6-pizza-emp-spo-04\/","title":{"rendered":"CUPTOR PENTRU PIZZA PE GAZ 300&#215;6 PIZZA -EMP.SPO.04"},"content":{"rendered":"<p><strong>CUPTOR PENTRU PIZZA PE GAZ 300&#215;6 PIZZA -EMP.SPO.04-<\/strong> Cuptorul pentru pizza este conceput pentru utilizare \u00een buc\u0103t\u0103riile profesionale \u0219i industria alimentar\u0103. Blatul de pr\u0103jire rotativ asigur\u0103 g\u0103tirea uniform\u0103 a pizzei. Camera interioar\u0103 este din inox. Dotat cu un panou de control cu \u200b\u200bun ecran LCD color de 4,3 inch. Cu func\u021bia de \u00eenc\u0103rcare a meniului folosind un dispozitiv de stocare extern, 99 de programe de g\u0103tit diferite. Timpul de g\u0103tit reglabil \u0219i indicatorul digital de temperatur\u0103 pentru un control mai bun (cu sistem PID).<\/p>\n<p>Caracteristici<\/p>\n<p>Parametri: 1482x1720x1835 mm<\/p>\n<p>Putere: 48 kW<\/p>\n<p>Termostat: 450 \u00b0 C<\/p>\n<p>Dimensiunea u\u0219ii: 500&#215;140 mm<\/p>\n<p>Capacitate: \u00d8 300 mm 6 pizza<\/p>\n<p>Productivitate: 75 de pizza pe or\u0103<\/p>\n<p>Conexiune: 220 V<\/p>\n<p>Num\u0103rul de camere (vatr\u0103): 1<\/p>\n<p>Greutate: 800 kg<\/p>\n<p>&nbsp;<\/p>\n","protected":false},"excerpt":{"rendered":"<p>Cuptor pentru pizza pe gaz 300&#215;6 pizza. Parametri: 1482x1720x1835 mm; Putere: 48 kW; Termostat: 450 \u00b0 C; Dimensiunea u\u0219ii: 500&#215;140 mm; Capacitate: \u00d8 300 mm 6 pizza; Productivitate: 75 de pizza pe or\u0103; Conexiune: 220 V; Num\u0103rul de camere (vatr\u0103): 1; Greutate: 800 kg.<\/p>\n<p>Cuptorul este disponibil \u00een trei culori: crem, maro, negru.<\/p>\n","protected":false},"featured_media":12755,"template":"","meta":[],"_links":{"self":[{"href":"https:\/\/evotek.md\/ro\/wp-json\/wp\/v2\/product\/12756"}],"collection":[{"href":"https:\/\/evotek.md\/ro\/wp-json\/wp\/v2\/product"}],"about":[{"href":"https:\/\/evotek.md\/ro\/wp-json\/wp\/v2\/types\/product"}],"wp:featuredmedia":[{"embeddable":true,"href":"https:\/\/evotek.md\/ro\/wp-json\/wp\/v2\/media\/12755"}],"wp:attachment":[{"href":"https:\/\/evotek.md\/ro\/wp-json\/wp\/v2\/media?parent=12756"}],"curies":[{"name":"wp","href":"https:\/\/api.w.org\/{rel}","templated":true}]}}