{"id":12652,"date":"2020-06-17T14:32:15","date_gmt":"2020-06-17T14:33:04","guid":{"rendered":"https:\/\/evotek.md\/?post_type=product&#038;p=12652"},"modified":"2023-02-20T13:10:21","modified_gmt":"2023-02-20T13:10:21","slug":"suprafata-de-prajit-electrica-riflata-plata-700-gs8070ec","status":"publish","type":"product","link":"https:\/\/evotek.md\/ro\/produse\/echipamente-pentru-fast-food\/suprafete-de-prajire-2-oborudovanie-dlia-fast-food\/suprafata-de-prajit-electrica-riflata-plata-700-gs8070ec\/","title":{"rendered":"SUPRAFA\u021a\u0102 DE PR\u0102JIT ELECTRIC\u0102, NETEDA+RIFLATA 700 -GS8070EC"},"content":{"rendered":"<p><strong>SUPRAFA\u021a\u0102 DE PR\u0102JIT ELECTRIC\u0102, NETEDA+RIFLATA 700 -GS8070EC- <\/strong>Proiectat pentru \u00eentreprinderile de fast-food. Calitate \u00eenalt\u0103 a prepar\u0103rii \u0219i temperatur\u0103 uniform\u0103 de distribu\u021bie. Plita cu grosimea de 12 mm pentru gatit economic. Datorit\u0103 deschiderii mari pentru scurgerea uleiului \u00een timpul g\u0103titului, uleiul rezidual intr\u0103 cu u\u0219urin\u021b\u0103 \u00een rezervorul de ulei. Temperatura suprafe\u021bei este reglat\u0103 de un termostat de 50-300 \u00b0 C.<\/p>\n<p>Caracteristici<\/p>\n<p>Dimensiuni: 80x70x29 cm<\/p>\n<p>Tensiune: 400 V\/ 50 Hz<\/p>\n<p>Temperatura: 300 \u00b0 C<\/p>\n<p>Putere: 9,6 kW<\/p>\n<p>Greutate net\u0103: 71 Kg<\/p>\n<p>&nbsp;<\/p>\n<p>&nbsp;<\/p>\n","protected":false},"excerpt":{"rendered":"<p>Suprafa\u021b\u0103 de pr\u0103jit electric\u0103, cromat\u0103, jumate riflat\u0103 \u0219i jumate, seria 700. Dimensiuni: 80x70x29 cm; Tensiune: 400 V\/ 50 Hz; Temperatura: 300 \u00b0 C; Putere: 9,6 kW; Greutate net\u0103: 71 Kg.<\/p>\n","protected":false},"featured_media":12651,"template":"","meta":[],"_links":{"self":[{"href":"https:\/\/evotek.md\/ro\/wp-json\/wp\/v2\/product\/12652"}],"collection":[{"href":"https:\/\/evotek.md\/ro\/wp-json\/wp\/v2\/product"}],"about":[{"href":"https:\/\/evotek.md\/ro\/wp-json\/wp\/v2\/types\/product"}],"wp:featuredmedia":[{"embeddable":true,"href":"https:\/\/evotek.md\/ro\/wp-json\/wp\/v2\/media\/12651"}],"wp:attachment":[{"href":"https:\/\/evotek.md\/ro\/wp-json\/wp\/v2\/media?parent=12652"}],"curies":[{"name":"wp","href":"https:\/\/api.w.org\/{rel}","templated":true}]}}