{"id":1258,"date":"2020-02-05T15:26:18","date_gmt":"2020-02-05T15:26:18","guid":{"rendered":"https:\/\/evotek.md\/?post_type=product&#038;p=1258"},"modified":"2020-02-26T09:24:02","modified_gmt":"2020-02-26T09:24:02","slug":"plita-cu-inductie-hkn-icf80d","status":"publish","type":"product","link":"https:\/\/evotek.md\/ro\/produse\/echipamente-termice\/plite-cu-inductie\/plita-cu-inductie-hkn-icf80d\/","title":{"rendered":"PLIT\u0102 CU INDUC\u021aIE HKN-ICF80D"},"content":{"rendered":"<p><strong>PLIT\u0102 CU INDUC\u021aIE HKN-ICF80D<\/strong> &#8211; Plitele de mas\u0103 cu induc\u021bie sunt o alternativ\u0103 a plitelor clasice electrice \u0219i pe gaz, care pot reduce semnificativ consumul de energie \u0219i pot \u00eembun\u0103t\u0103\u021bi microclimatul din sala de produc\u021bie.<\/p>\n<p>Plitele cu induc\u021bie sunt potrivesc nu numai pentru buc\u0103t\u0103riile standard, ci \u0219i pentru alimenta\u021bie public\u0103, prezent\u0103ri, precum \u0219i pentru echiparea buc\u0103t\u0103riilor cu o suprafa\u021b\u0103 limitat\u0103.<\/p>\n<p>Materialul carcasei: o\u021bel inoxidabil; O zon\u0103 de \u00eenc\u0103lzire; 5 niveluri de putere; Protec\u021bie la supra\u00eenc\u0103lzire; Panou de control: joystick activ.<\/p>\n<p>Culoarea produsului poate s\u0103 difere de cea prezentat\u0103 pe site.<\/p>\n<p>Caracteristici<\/p>\n<p>Putere: 8 kW<\/p>\n<p>Tensiune: 380 V<\/p>\n<p>Dimensiuni generale: 470x595x310 (380 cu picioare) mm<\/p>\n<p>Greutate: 21 kg<\/p>\n<p>Tipul suprafe\u021bei de lucru: plat<\/p>\n<p>Tipul de control: digital cu joystick<\/p>\n","protected":false},"excerpt":{"rendered":"<p>Plit\u0103 de mas\u0103 cu induc\u021bie: Dimensiuni generale: 470x595x310 (380 cu picioare) mm; Putere: 8 kW; Tensiune: 380 V; Greutate: 21 kg; Tipul suprafe\u021bei de lucru: plat; Tipul de control: digital cu joystick.<\/p>\n","protected":false},"featured_media":1257,"template":"","meta":[],"_links":{"self":[{"href":"https:\/\/evotek.md\/ro\/wp-json\/wp\/v2\/product\/1258"}],"collection":[{"href":"https:\/\/evotek.md\/ro\/wp-json\/wp\/v2\/product"}],"about":[{"href":"https:\/\/evotek.md\/ro\/wp-json\/wp\/v2\/types\/product"}],"wp:featuredmedia":[{"embeddable":true,"href":"https:\/\/evotek.md\/ro\/wp-json\/wp\/v2\/media\/1257"}],"wp:attachment":[{"href":"https:\/\/evotek.md\/ro\/wp-json\/wp\/v2\/media?parent=1258"}],"curies":[{"name":"wp","href":"https:\/\/api.w.org\/{rel}","templated":true}]}}