{"id":12560,"date":"2020-06-17T10:14:00","date_gmt":"2020-06-17T10:14:00","guid":{"rendered":"https:\/\/evotek.md\/?post_type=product&#038;p=12560"},"modified":"2020-06-17T10:14:00","modified_gmt":"2020-06-17T10:14:00","slug":"suprafata-de-prajit-pe-gaz-riflata-700-gg4070g","status":"publish","type":"product","link":"https:\/\/evotek.md\/ro\/produse\/echipamente-termice\/suprafete-de-prajire\/suprafata-de-prajit-pe-gaz-riflata-700-gg4070g\/","title":{"rendered":"SUPRAFA\u021a\u0102 DE PR\u0102JIT PE GAZ, RIFLAT\u0102 700 -GG4070G"},"content":{"rendered":"<p><strong>SUPRAFA\u021a\u0102 DE PR\u0102JIT PE GAZ, RIFLAT\u0102<\/strong> <strong>700 -GG4070G<\/strong><strong>&#8211; <\/strong>Proiectat pentru \u00eentreprinderile de fast-food. Calitate \u00eenalt\u0103 a prepar\u0103rii \u0219i temperatur\u0103 uniform\u0103 de distribu\u021bie. Are suprafa\u021ba de 12 mm grosime pentru gatit economic. Datorit\u0103 deschiderii mari pentru scurgerea uleiului \u00een timpul g\u0103titului, uleiul rezidual intr\u0103 cu u\u0219urin\u021b\u0103 \u00een rezervorul de ulei. Suprafa\u021ba de pr\u0103jire are robinete de gaz cu supape de siguran\u021b\u0103, un termopar \u0219i control al aprinderii.<\/p>\n<p>Caracteristici<\/p>\n<p>Dimensiuni: 40x70x29 cm<\/p>\n<p>Consumul de gaze naturale: 0,682 m3\/h<\/p>\n<p>Consumul de gaz propan: 0,158 Kg\/h<\/p>\n<p>Putere: 5,2 kW<\/p>\n<p>Greutate net\u0103: 39 Kg<\/p>\n<p>&nbsp;<\/p>\n<p>&nbsp;<\/p>\n","protected":false},"excerpt":{"rendered":"<p>Suprafa\u021b\u0103 de pr\u0103jit pe gaz, riflat\u0103, seria 700. Dimensiuni: 40x70x29 cm; Consumul de gaze naturale: 0,682 m3\/h; Consumul de gaz propan: 0,158 Kg\/h; Putere: 5,2 kW; Greutate net\u0103: 39 Kg.<\/p>\n","protected":false},"featured_media":12559,"template":"","meta":[],"_links":{"self":[{"href":"https:\/\/evotek.md\/ro\/wp-json\/wp\/v2\/product\/12560"}],"collection":[{"href":"https:\/\/evotek.md\/ro\/wp-json\/wp\/v2\/product"}],"about":[{"href":"https:\/\/evotek.md\/ro\/wp-json\/wp\/v2\/types\/product"}],"wp:featuredmedia":[{"embeddable":true,"href":"https:\/\/evotek.md\/ro\/wp-json\/wp\/v2\/media\/12559"}],"wp:attachment":[{"href":"https:\/\/evotek.md\/ro\/wp-json\/wp\/v2\/media?parent=12560"}],"curies":[{"name":"wp","href":"https:\/\/api.w.org\/{rel}","templated":true}]}}