{"id":1253,"date":"2020-02-05T15:21:56","date_gmt":"2020-02-05T15:23:21","guid":{"rendered":"https:\/\/evotek.md\/?post_type=product&#038;p=1253"},"modified":"2023-01-18T14:33:18","modified_gmt":"2023-01-18T14:33:18","slug":"plita-cu-inductie-hkn-icf35dx4","status":"publish","type":"product","link":"https:\/\/evotek.md\/ro\/produse\/echipamente-termice\/plite-cu-inductie\/plita-cu-inductie-hkn-icf35dx4\/","title":{"rendered":"PLITA CU INDUCTIE 1 ARZATOR HKN-ICF35DX4"},"content":{"rendered":"<p><strong>PLITA CU INDUCTIE 1 ARZATOR<\/strong> -Plitele de mas\u0103 cu induc\u021bie sunt o alternativ\u0103 a plitelor clasice electrice \u0219i pe gaz, care pot reduce semnificativ consumul de energie \u0219i pot \u00eembun\u0103t\u0103\u021bi microclimatul din sala de produc\u021bie.<\/p>\n<p>Plitele cu induc\u021bie sunt potrivesc nu numai pentru buc\u0103t\u0103riile standard, ci \u0219i pentru alimenta\u021bie public\u0103, prezent\u0103ri, precum \u0219i pentru echiparea buc\u0103t\u0103riilor cu o suprafa\u021b\u0103 limitat\u0103.<\/p>\n<p>Materialul carcasei: o\u021bel inoxidabil; 4 zone de \u00eenc\u0103lzire; Stare de temperatur\u0103 60-280 \u00b0 \u0421; Protec\u021bie la supra\u00eenc\u0103lzire; Panou de control: joystick activ.<\/p>\n<p>Culoarea produsului poate s\u0103 difere de cea prezentat\u0103 pe site.<\/p>\n<p>Caracteristici<\/p>\n<p>Putere: 14 (3,5&#215;4) kW<\/p>\n<p>Tensiune: 220\/380 V<\/p>\n<p>Dimensiuni generale: 735x830x150 mm<\/p>\n<p>Greutate: 19,35 kg<\/p>\n<p>Tipul suprafe\u021bei de lucru: plat<\/p>\n<p>Tipul de control: Digital cu joystick<\/p>\n","protected":false},"excerpt":{"rendered":"<p>Plit\u0103 de mas\u0103 cu induc\u021bie: Dimensiuni generale: 735x830x150 mm; Putere: 14 (3,5&#215;4) kW; Tensiune: 220\/380 V; Greutate: 19,35 kg; Tipul suprafe\u021bei de lucru: plat; Tipul de control: Digital cu joystick.<\/p>\n","protected":false},"featured_media":15599,"template":"","meta":[],"_links":{"self":[{"href":"https:\/\/evotek.md\/ro\/wp-json\/wp\/v2\/product\/1253"}],"collection":[{"href":"https:\/\/evotek.md\/ro\/wp-json\/wp\/v2\/product"}],"about":[{"href":"https:\/\/evotek.md\/ro\/wp-json\/wp\/v2\/types\/product"}],"wp:featuredmedia":[{"embeddable":true,"href":"https:\/\/evotek.md\/ro\/wp-json\/wp\/v2\/media\/15599"}],"wp:attachment":[{"href":"https:\/\/evotek.md\/ro\/wp-json\/wp\/v2\/media?parent=1253"}],"curies":[{"name":"wp","href":"https:\/\/api.w.org\/{rel}","templated":true}]}}