{"id":12515,"date":"2020-06-17T08:48:37","date_gmt":"2020-06-17T08:49:19","guid":{"rendered":"https:\/\/evotek.md\/?post_type=product&#038;p=12515"},"modified":"2023-02-15T13:10:10","modified_gmt":"2023-02-15T13:10:10","slug":"suprafata-de-prajit-electrica-plata-600-gf4060e","status":"publish","type":"product","link":"https:\/\/evotek.md\/ro\/produse\/echipamente-pentru-fast-food\/suprafete-de-prajire-2-oborudovanie-dlia-fast-food\/suprafata-de-prajit-electrica-plata-600-gf4060e\/","title":{"rendered":"SUPRAFATA DE PRAJIT ELECTRICA, NETEDA -GF4060E"},"content":{"rendered":"<p><strong>SUPRAFATA DE PRAJIT ELECTRICA, NETEDA -GF4060E- <\/strong>Proiectat pentru \u00eentreprinderile de fast-food. Calitate \u00eenalt\u0103 a prepar\u0103rii \u0219i temperatur\u0103 uniform\u0103 de distribu\u021bie. Plita cu grosimea de 12 mm pentru gatit economic. Datorit\u0103 deschiderii mari pentru scurgerea uleiului \u00een timpul g\u0103titului, uleiul rezidual intr\u0103 cu u\u0219urin\u021b\u0103 \u00een rezervorul de ulei. Temperatura suprafe\u021bei este reglat\u0103 de un termostat de 50-300 \u00b0 C.<\/p>\n<p>Caracteristici<\/p>\n<p>Dimensiuni: 40x60x29 cm<\/p>\n<p>Tensiune: 400 V\/ 50 Hz<\/p>\n<p>Temperatura: 300 \u00b0 C<\/p>\n<p>Putere: 3,9 kW<\/p>\n<p>Greutate net\u0103: 40 Kg<\/p>\n<p>&nbsp;<\/p>\n","protected":false},"excerpt":{"rendered":"<p>Suprafa\u021b\u0103 de pr\u0103jit electric\u0103, plat\u0103, seria 600. Dimensiuni: 40x60x29 cm; Tensiune: 400 V\/ 50 Hz; Temperatura: 300 \u00b0 C; Putere: 3,9 kW; Greutate net\u0103: 40 Kg.<\/p>\n","protected":false},"featured_media":12514,"template":"","meta":[],"_links":{"self":[{"href":"https:\/\/evotek.md\/ro\/wp-json\/wp\/v2\/product\/12515"}],"collection":[{"href":"https:\/\/evotek.md\/ro\/wp-json\/wp\/v2\/product"}],"about":[{"href":"https:\/\/evotek.md\/ro\/wp-json\/wp\/v2\/types\/product"}],"wp:featuredmedia":[{"embeddable":true,"href":"https:\/\/evotek.md\/ro\/wp-json\/wp\/v2\/media\/12514"}],"wp:attachment":[{"href":"https:\/\/evotek.md\/ro\/wp-json\/wp\/v2\/media?parent=12515"}],"curies":[{"name":"wp","href":"https:\/\/api.w.org\/{rel}","templated":true}]}}