{"id":1248,"date":"2020-02-05T15:16:06","date_gmt":"2020-02-05T15:17:51","guid":{"rendered":"https:\/\/evotek.md\/?post_type=product&#038;p=1248"},"modified":"2023-01-18T10:24:06","modified_gmt":"2023-01-18T10:24:06","slug":"plita-cu-inductie-hkn-icb35m-incorporata","status":"publish","type":"product","link":"https:\/\/evotek.md\/ro\/produse\/echipamente-termice\/plite-cu-inductie\/plita-cu-inductie-hkn-icb35m-incorporata\/","title":{"rendered":"PLITA CU INDUCTIE 1 ARZATOR HKN-ICB35M (INCORPORAT\u0102)"},"content":{"rendered":"<p><strong>PLITA CU INDUCTIE 1 ARZATOR HKN-ICB35M (INCORPORAT\u0102)<\/strong> &#8211; Plitele de mas\u0103 cu induc\u021bie\u00a0 sunt o alternativ\u0103 a plitelor clasice electrice \u0219i pe gaz, care pot reduce semnificativ consumul de energie \u0219i pot \u00eembun\u0103t\u0103\u021bi microclimatul din sala de produc\u021bie.<\/p>\n<p>Acest model este destinat instal\u0103rii \u00een mobilierul clientului s\u0103u pentru fabricarea aragazelor cu induc\u021bie, cu c\u00e2teva suprape\u021be de lucru.<\/p>\n<p>Materialul carcasei: o\u021bel inoxidabil; O zon\u0103 de \u00eenc\u0103lzire; Protec\u021bie la supra\u00e2nc\u0103lzire; Panou de control: cu butoane; Dimensiune decupaj de aterizare 370&#215;370 mm; 10 niveluri de putere (P1-P10); Schimbarea temperaturii &#8211; \u00a020 \u00b0 C (de la 60-240 \u00b0 C).<\/p>\n<p>Culoarea produsului poate s\u0103 difere de cea prezentat\u0103 pe site.<\/p>\n<p>Caracteristici<\/p>\n<p>Putere: 3,5 kW<\/p>\n<p>Tensiune: 220 V<\/p>\n<p>Dimensiuni generale: 400x400x85 mm<\/p>\n<p>Tipul suprafe\u021bei de lucru: plat<\/p>\n<p>Dimensiunea suprafe\u021bei de lucru: 320&#215;320 mm<\/p>\n<p>Tip de control: buton<\/p>\n","protected":false},"excerpt":{"rendered":"<p>Plit\u0103 de mas\u0103 cu induc\u021bie (incorporat\u0103): Dimensiuni generale: 400x400x85 mm; Dimensiunea suprafe\u021bei de lucru: 320&#215;320 mm;\u00a0Putere: 3,5 kW; Tensiune: 220 V; Tipul suprafe\u021bei de lucru: plat; Tip de control: buton.<\/p>\n","protected":false},"featured_media":1247,"template":"","meta":[],"_links":{"self":[{"href":"https:\/\/evotek.md\/ro\/wp-json\/wp\/v2\/product\/1248"}],"collection":[{"href":"https:\/\/evotek.md\/ro\/wp-json\/wp\/v2\/product"}],"about":[{"href":"https:\/\/evotek.md\/ro\/wp-json\/wp\/v2\/types\/product"}],"wp:featuredmedia":[{"embeddable":true,"href":"https:\/\/evotek.md\/ro\/wp-json\/wp\/v2\/media\/1247"}],"wp:attachment":[{"href":"https:\/\/evotek.md\/ro\/wp-json\/wp\/v2\/media?parent=1248"}],"curies":[{"name":"wp","href":"https:\/\/api.w.org\/{rel}","templated":true}]}}