{"id":12443,"date":"2020-06-15T06:38:25","date_gmt":"2020-06-15T06:38:25","guid":{"rendered":"https:\/\/evotek.md\/?post_type=product&#038;p=12443"},"modified":"2020-09-28T08:58:31","modified_gmt":"2020-09-28T08:58:31","slug":"suporturi-inferioare-pentru-cuptoare","status":"publish","type":"product","link":"https:\/\/evotek.md\/ro\/produse\/mobila-din-inox\/suporturi-pentru-cuptoare\/suporturi-pentru-cuptoare-gastronomie-patiserie\/suporturi-inferioare-pentru-cuptoare\/","title":{"rendered":"SUPORT INFERIOR PENTRU CUPTOR -EMP.ASK-6-"},"content":{"rendered":"<p><strong>SUPORT INFERIOR PENTRU CUPTOR-<\/strong> Echipament convenabil \u0219i de \u00eencredere. Mai ales pentru pizzerii, care au \u00een meniu m\u00e2ncare italian\u0103. Standurile v\u0103 permit s\u0103 amplasa\u021bi echipamentul termic c\u00e2t mai stabil. Raftul inferior v\u0103 permite s\u0103 depozita\u021bi inventarul, vesela, ingredientele. Echipamentul se \u00eencadreaz\u0103 cu u\u0219urin\u021b\u0103 \u00een designul unei buc\u0103t\u0103rii deschise.<\/p>\n<p>Caracteristici<\/p>\n<p>Dimensiuni mm: 860x815x850<\/p>\n<p>Greutate kg: 24<\/p>\n<p>Net m3: 0,60<\/p>\n","protected":false},"excerpt":{"rendered":"<p>Suport inferior pentru cuptor.<em>\u00a0<\/em>Dimensiuni mm: 860x815x850; Greutate kg: 24; Net m3: 0,60<\/p>\n","protected":false},"featured_media":12430,"template":"","meta":[],"_links":{"self":[{"href":"https:\/\/evotek.md\/ro\/wp-json\/wp\/v2\/product\/12443"}],"collection":[{"href":"https:\/\/evotek.md\/ro\/wp-json\/wp\/v2\/product"}],"about":[{"href":"https:\/\/evotek.md\/ro\/wp-json\/wp\/v2\/types\/product"}],"wp:featuredmedia":[{"embeddable":true,"href":"https:\/\/evotek.md\/ro\/wp-json\/wp\/v2\/media\/12430"}],"wp:attachment":[{"href":"https:\/\/evotek.md\/ro\/wp-json\/wp\/v2\/media?parent=12443"}],"curies":[{"name":"wp","href":"https:\/\/api.w.org\/{rel}","templated":true}]}}