{"id":12436,"date":"2020-06-12T14:23:05","date_gmt":"2020-06-12T14:23:05","guid":{"rendered":"https:\/\/evotek.md\/?post_type=product&#038;p=12436"},"modified":"2021-06-18T13:46:31","modified_gmt":"2021-06-18T13:46:31","slug":"cuptor-cu-convectie-electric-40-nivele-emp-ekf-40","status":"publish","type":"product","link":"https:\/\/evotek.md\/ro\/produse\/echipamente-termice\/cuptoare-cu-convectie-cuptoare\/cuptor-cu-convectie-electric-40-nivele-emp-ekf-40\/","title":{"rendered":"CUPTOR CU CONVEC\u021aIE ELECTRIC, 40 NIVELE -EMP.EKF-40"},"content":{"rendered":"<p><strong>CUPTOR CU CONVEC\u021aIE ELECTRIC, 40 NIVELE<\/strong> <strong>-EMP.EKF-40- <\/strong>Cuptor cu convec\u021bie electric. Folosit \u00een cafenele, bistrouri, restaurante mici pentru coacere rapid\u0103 \u0219i o varietate de feluri de m\u00e2ncare. Cuptorul este echipat cu: Panou de control LCD cu ecran tactil de 7 inch; Desc\u0103rcare op\u021biune meniu prin memorie extern\u0103; Accesibilitatea utilizatorului la manualul de instruc\u021biuni prin intermediul ecranului tactil; Timpul de g\u0103tire reglabil; Temperatura reglabil\u0103 de g\u0103tit \u00een intervalul 0 \u00b0 C &#8211; 300 \u00b0 C; Termostat de siguran\u021b\u0103 pentru protec\u021bie \u00eempotriva supra\u00eenc\u0103lzirii (360 \u00b0 C); Control sensibil la \u00eenc\u0103lzire prin sistem PID; Ventilator de 2 viteze din inox; Ventilatorul cu dou\u0103 fe\u021be asigur\u0103 o distribu\u021bie uniform\u0103 a c\u0103ldurii; Sticl\u0103 temperat\u0103 etan\u0219at\u0103 din silicon; Acces u\u0219or la geamul interior pentru a asigura cur\u0103\u021barea; Comutator pentru sistem de u\u0219i; carcas\u0103 din inox.<\/p>\n<p><strong>*Pentru a beneficia de garan\u021bie este obligatoriu de a fi instalat filtru DVA pentru acest echipament.<\/strong><\/p>\n<p>Caracteristici<\/p>\n<p>Parametri: 1080x1070x1885 mm<\/p>\n<p>Greutate: 250 kg<\/p>\n<p>Net: 2,25 m3<\/p>\n<p>Putere: 47 kW 380 V 3-50 Hz<\/p>\n<p>Capacitate: 40 GN-1\/1\/20 GN-2\/1<\/p>\n<p>&nbsp;<\/p>\n","protected":false},"excerpt":{"rendered":"<p>Cuptor cu convec\u021bie electric cu 40 nivele. Parametri: 1080x1070x1885 mm; Greutate: 250 kg; Net: 2,25 m3; Putere: 47 kW 380 V 3-50 Hz; Capacitate: 40 GN-1\/1\/20 GN-2\/1.<\/p>\n<p><strong>*T\u0103vile GN \u0219i t\u0103vile pentru patiserie nu sunt incluse \u00een set.<\/strong><br \/>\n<strong>*Recomand\u0103m instalarea adi\u021bional\u0103 a unui filtru DVA pentru o bun\u0103 func\u021bionare a cuptorului.<\/strong><\/p>\n","protected":false},"featured_media":12416,"template":"","meta":[],"_links":{"self":[{"href":"https:\/\/evotek.md\/ro\/wp-json\/wp\/v2\/product\/12436"}],"collection":[{"href":"https:\/\/evotek.md\/ro\/wp-json\/wp\/v2\/product"}],"about":[{"href":"https:\/\/evotek.md\/ro\/wp-json\/wp\/v2\/types\/product"}],"wp:featuredmedia":[{"embeddable":true,"href":"https:\/\/evotek.md\/ro\/wp-json\/wp\/v2\/media\/12416"}],"wp:attachment":[{"href":"https:\/\/evotek.md\/ro\/wp-json\/wp\/v2\/media?parent=12436"}],"curies":[{"name":"wp","href":"https:\/\/api.w.org\/{rel}","templated":true}]}}