{"id":1243,"date":"2020-02-05T14:59:02","date_gmt":"2020-02-05T15:03:41","guid":{"rendered":"https:\/\/evotek.md\/?post_type=product&#038;p=1243"},"modified":"2024-03-01T15:03:22","modified_gmt":"2024-03-01T15:03:22","slug":"pasta-cooker-hkn-ekt60","status":"publish","type":"product","link":"https:\/\/evotek.md\/ro\/produse\/echipamente-termice\/pasta-cooker\/pasta-cooker-hkn-ekt60\/","title":{"rendered":"PASTA COOKER HKN-EKT60"},"content":{"rendered":"<p><strong>PASTA COOKER <\/strong><strong>HKN-EKT60<\/strong> &#8211; este destinat preg\u0103tirii rapide \u0219i de \u00eenalt\u0103 calitate a pastelor, a produselor din aluat, ravioli, orez, legume, c\u00e2rna\u021bi, ou\u0103, creve\u021bi \u0219i multe alte produse.<\/p>\n<p>Pasta cooker este perfect pentru \u00eentreprinderile de alimenta\u021bie public\u0103 \u0219i fast-food.<\/p>\n<p>Materialul carcasei: o\u021bel inoxidabil; Stare de temperatur\u0103: 50-110 \u00b0 C; Echipament: capac, 6 co\u0219uri cilindrice (un co\u0219 cu diametru 130 mm, ad\u00e2ncime 140 mm, volum 1,8 l); Apa se toarn\u0103 manual; 3 robinete pentru scurgerea apei.<\/p>\n<p>Culoarea produsului poate s\u0103 difere de cea prezent\u0103 pe site.<\/p>\n<p>Caracteristici<\/p>\n<p>Putere: 6 kW<\/p>\n<p>Tensiune: 220 V<\/p>\n<p>Dimensiuni generale: 590x540x450 mm<\/p>\n<p>Greutate: 17 kg<\/p>\n<p>Num\u0103rul de cuve: 3<\/p>\n<p>Capacitatea cuvei: 8 L<br \/>\nCosuri: 6 (2 in fiecare cuva)<\/p>\n","protected":false},"excerpt":{"rendered":"<p>Pasta cooker cu 3 cuve a cate 8 litri fiecare, cu 6 cosuri cilindrice incluse: Dimensiuni generale: 590x540x450 mm; Putere: 6 kW; Tensiune: 220 V; Greutate: 17 kg.<\/p>\n","protected":false},"featured_media":1242,"template":"","meta":[],"_links":{"self":[{"href":"https:\/\/evotek.md\/ro\/wp-json\/wp\/v2\/product\/1243"}],"collection":[{"href":"https:\/\/evotek.md\/ro\/wp-json\/wp\/v2\/product"}],"about":[{"href":"https:\/\/evotek.md\/ro\/wp-json\/wp\/v2\/types\/product"}],"wp:featuredmedia":[{"embeddable":true,"href":"https:\/\/evotek.md\/ro\/wp-json\/wp\/v2\/media\/1242"}],"wp:attachment":[{"href":"https:\/\/evotek.md\/ro\/wp-json\/wp\/v2\/media?parent=1243"}],"curies":[{"name":"wp","href":"https:\/\/api.w.org\/{rel}","templated":true}]}}