{"id":12424,"date":"2020-06-12T13:25:48","date_gmt":"2020-06-12T13:25:48","guid":{"rendered":"https:\/\/evotek.md\/?post_type=product&#038;p=12424"},"modified":"2021-06-18T13:46:34","modified_gmt":"2021-06-18T13:46:34","slug":"cuptor-cu-convectie-electric-6-nivele-emp-ekf-6","status":"publish","type":"product","link":"https:\/\/evotek.md\/ro\/produse\/echipamente-termice\/cuptoare-cu-convectie-cuptoare\/cuptor-cu-convectie-electric-6-nivele-emp-ekf-6\/","title":{"rendered":"CUPTOR CU CONVEC\u021aIE ELECTRIC, 6 NIVELE -EMP.EKF-6"},"content":{"rendered":"<p><strong>CUPTOR CU CONVEC\u021aIE ELECTRIC, 6 NIVELE<\/strong> <strong>-EMP.EKF-6- <\/strong>Cuptor cu convec\u021bie electric. Folosit \u00een cafenele, bistrouri, restaurante mici pentru a coace rapid o varietate de feluri de m\u00e2ncare. Cuptorul este echipat cu: Sistem de control al instala\u021biei de \u00eenc\u0103lzire termostatic\u0103; Timpul \u0219i temperatura de g\u0103tit controlate digital; Ventilatorul cu dou\u0103 fe\u021be asigur\u0103 o distribu\u021bie uniform\u0103 a c\u0103ldurii; Sticl\u0103 temperat\u0103 etan\u0219at\u0103 din silicon; Sistem de schimbare a u\u0219ilor; Carcas\u0103 din inox.<\/p>\n<p><strong>*Pentru a beneficia de garan\u021bie este obligatoriu de a fi instalat filtru DVA pentru acest echipament.<\/strong><\/p>\n<p>Caracteristici<\/p>\n<p>Parametri: 800x855x700 mm<\/p>\n<p>Greutate: 85 kg<\/p>\n<p>Net: 0.47 m3<\/p>\n<p>Putere: 10 Kw 380 \u043a\u0412\u0442<\/p>\n<p>Capacitate: 6 GN-1\/1<\/p>\n<p>&nbsp;<\/p>\n<p>&nbsp;<\/p>\n","protected":false},"excerpt":{"rendered":"<p>Cuptor cu convec\u021bie electric cu 6 nivele. Parametri: 800x855x700 mm; Greutate: 85 kg; Net: 0.47 m3; Putere: 10 Kw 380 \u043a\u0412\u0442; Capacitate: 6 GN-1\/1.<\/p>\n<p><strong>*T\u0103vile GN \u0219i t\u0103vile pentru patiserie nu sunt incluse \u00een set.<\/strong><br \/>\n<strong>*Recomand\u0103m instalarea adi\u021bional\u0103 a unui filtru DVA pentru o bun\u0103 func\u021bionare a cuptorului.<\/strong><\/p>\n","protected":false},"featured_media":12423,"template":"","meta":[],"_links":{"self":[{"href":"https:\/\/evotek.md\/ro\/wp-json\/wp\/v2\/product\/12424"}],"collection":[{"href":"https:\/\/evotek.md\/ro\/wp-json\/wp\/v2\/product"}],"about":[{"href":"https:\/\/evotek.md\/ro\/wp-json\/wp\/v2\/types\/product"}],"wp:featuredmedia":[{"embeddable":true,"href":"https:\/\/evotek.md\/ro\/wp-json\/wp\/v2\/media\/12423"}],"wp:attachment":[{"href":"https:\/\/evotek.md\/ro\/wp-json\/wp\/v2\/media?parent=12424"}],"curies":[{"name":"wp","href":"https:\/\/api.w.org\/{rel}","templated":true}]}}