{"id":12412,"date":"2020-06-12T12:46:54","date_gmt":"2020-06-12T12:46:54","guid":{"rendered":"https:\/\/evotek.md\/?post_type=product&#038;p=12412"},"modified":"2021-06-18T13:49:52","modified_gmt":"2021-06-18T13:49:52","slug":"cuptor-cu-convectie-pe-gaz-20-nivele-emp-gkf-20","status":"publish","type":"product","link":"https:\/\/evotek.md\/ro\/produse\/echipamente-termice\/cuptoare-cu-convectie-cuptoare\/cuptor-cu-convectie-pe-gaz-20-nivele-emp-gkf-20\/","title":{"rendered":"CUPTOR CU CONVEC\u021aIE PE GAZ, 20 NIVELE -EMP.GKF-20"},"content":{"rendered":"<p><strong>CUPTOR CU CONVEC\u021aIE PE GAZ, 20 NIVELE<\/strong> <strong>-EMP.GKF-20- <\/strong>Cuptor cu convec\u021bie pe gaz. Folosit \u00een cafenele, bistrouri, restaurante mici pentru coacere rapid\u0103 \u0219i o varietate de feluri de m\u00e2ncare. Cuptorul este echipat cu: valve de siguran\u021b\u0103 magnetice; 15 programe reglabile; Cur\u0103\u021barea interioar\u0103 a cuptorului are loc cu ajutorul unui du\u0219; Ecran de control electronic al temperaturii termostatice; Cronometru electronic; Ventilator din inox cu 2 trepte; Un ventilator care se rote\u0219te \u00een ambele direc\u021bii garanteaz\u0103 o distribu\u021bie egal\u0103 a c\u0103ldurii; Umidificare manual\u0103; Sticl\u0103 termorezistent\u0103 cu garnituri din silicon; Sticla de deschidere interioar\u0103 permite cur\u0103\u021barea u\u0219oar\u0103; Sistem de usi senzoriale; Carcas\u0103 din inox.<\/p>\n<p><strong>*Pentru a beneficia de garan\u021bie este obligatoriu de a fi instalat filtru DVA pentru acest echipament.<\/strong><\/p>\n<p>Caracteristici<\/p>\n<p>Parametri: 1250x1150x1160 mm<\/p>\n<p>Greutate: 130 kg<\/p>\n<p>Net: 1,58 m3<\/p>\n<p>Putere: 35 Kw 380 kW<\/p>\n<p>Capacitate: 20 GN-1\/1 10 GN-2\/1<\/p>\n<p>&nbsp;<\/p>\n","protected":false},"excerpt":{"rendered":"<p>Cuptor cu convec\u021bie pe gaz cu 20 nivele. Parametri: 1250x1150x1160 mm; Greutate: 130 kg; Net: 1,58 m3; Putere: 35 Kw 380 kW; Capacitate: 20 GN-1\/1 10 GN-2\/1.<\/p>\n<p><strong>*T\u0103vile GN \u0219i t\u0103vile pentru patiserie nu sunt incluse \u00een set.<\/strong><br \/>\n<strong>*Recomand\u0103m instalarea adi\u021bional\u0103 a unui filtru DVA pentru o bun\u0103 func\u021bionare a cuptorului.<\/strong><\/p>\n","protected":false},"featured_media":12408,"template":"","meta":[],"_links":{"self":[{"href":"https:\/\/evotek.md\/ro\/wp-json\/wp\/v2\/product\/12412"}],"collection":[{"href":"https:\/\/evotek.md\/ro\/wp-json\/wp\/v2\/product"}],"about":[{"href":"https:\/\/evotek.md\/ro\/wp-json\/wp\/v2\/types\/product"}],"wp:featuredmedia":[{"embeddable":true,"href":"https:\/\/evotek.md\/ro\/wp-json\/wp\/v2\/media\/12408"}],"wp:attachment":[{"href":"https:\/\/evotek.md\/ro\/wp-json\/wp\/v2\/media?parent=12412"}],"curies":[{"name":"wp","href":"https:\/\/api.w.org\/{rel}","templated":true}]}}