{"id":12404,"date":"2020-06-12T07:25:08","date_gmt":"2020-06-12T07:25:08","guid":{"rendered":"https:\/\/evotek.md\/?post_type=product&#038;p=12404"},"modified":"2020-06-12T07:25:08","modified_gmt":"2020-06-12T07:25:08","slug":"lampi-cu-infrarosu-de-incalzire-al-co-ch-line","status":"publish","type":"product","link":"https:\/\/evotek.md\/ro\/produse\/accesorii-si-inventar-bucatarie\/lampi-pentru-incalzirea-bucatelor\/lampi-cu-infrarosu-de-incalzire-al-co-ch-line\/","title":{"rendered":"L\u0102MPI CU INFRARO\u0218U DE \u00ceNC\u0102LZIRE -AL-CO-CH LINE"},"content":{"rendered":"<p><strong>L\u0102MPI CU INFRARO\u0218U DE \u00ceNC\u0102LZIRE -AL-CO-CH LINE-<\/strong> folosite pentru a p\u0103stra m\u00eencarea cald\u0103. L\u0103mpile are un design frumos, care le permit s\u0103 fie folosite ca obiect interior \u00eentr-un restaurant, bar, cafenea sau un alt loc de alimenta\u021bie public\u0103. Carcasa modelelor este realizat\u0103 din metal vopsit. Cablu spiral extensibil pentru ajustarea u\u0219oar\u0103 a \u00een\u0103l\u021bimii de la 700 mm la 1800 mm; Disponibil \u00een trei culori: argintiu, crom \u0219i auriu.<\/p>\n<p>Caracteristici<\/p>\n<p><img class=\"alignnone  wp-image-12401\" src=\"https:\/\/evotek.md\/wp-content\/uploads\/2020\/06\/1.-RO-800x127.png\" alt=\"\" width=\"693\" height=\"110\" srcset=\"https:\/\/evotek.md\/wp-content\/uploads\/2020\/06\/1.-RO-800x127.png 800w, https:\/\/evotek.md\/wp-content\/uploads\/2020\/06\/1.-RO-768x121.png 768w, https:\/\/evotek.md\/wp-content\/uploads\/2020\/06\/1.-RO-600x95.png 600w, https:\/\/evotek.md\/wp-content\/uploads\/2020\/06\/1.-RO.png 1056w\" sizes=\"(max-width: 693px) 100vw, 693px\" \/><\/p>\n","protected":false},"excerpt":{"rendered":"<p>L\u0103mpi de \u00eenc\u0103lzire cu infraro\u0219u. Putere: max 250 W; tensiune: 230 V; Dimensiuni generale: \u00d8 190 mm.<\/p>\n","protected":false},"featured_media":12399,"template":"","meta":[],"_links":{"self":[{"href":"https:\/\/evotek.md\/ro\/wp-json\/wp\/v2\/product\/12404"}],"collection":[{"href":"https:\/\/evotek.md\/ro\/wp-json\/wp\/v2\/product"}],"about":[{"href":"https:\/\/evotek.md\/ro\/wp-json\/wp\/v2\/types\/product"}],"wp:featuredmedia":[{"embeddable":true,"href":"https:\/\/evotek.md\/ro\/wp-json\/wp\/v2\/media\/12399"}],"wp:attachment":[{"href":"https:\/\/evotek.md\/ro\/wp-json\/wp\/v2\/media?parent=12404"}],"curies":[{"name":"wp","href":"https:\/\/api.w.org\/{rel}","templated":true}]}}