{"id":12360,"date":"2020-06-11T06:52:54","date_gmt":"2020-06-11T06:52:54","guid":{"rendered":"https:\/\/evotek.md\/?post_type=product&#038;p=12360"},"modified":"2020-09-28T09:20:40","modified_gmt":"2020-09-28T09:20:40","slug":"suporturi-cu-doua-nivele-pentru-cuptoare-pizza-emp-as-4-emp-as-5-emp-as-6-emp-as-9","status":"publish","type":"product","link":"https:\/\/evotek.md\/ro\/produse\/mobila-din-inox\/suporturi-pentru-cuptoare\/supoturi-pentru-cuptoare-pizza\/suporturi-cu-doua-nivele-pentru-cuptoare-pizza-emp-as-4-emp-as-5-emp-as-6-emp-as-9\/","title":{"rendered":"SUPORT CU DOU\u0102 NIVELE PENTRU CUPTOR PIZZA -EMP.ASK-9"},"content":{"rendered":"<p><strong>SUPORT CU DOU\u0102 NIVELE PENTRU CUPTOR PIZZA &#8211;<em>EMP.ASK-9-<\/em><\/strong> Echipament convenabil \u0219i de \u00eencredere. Mai ales pentru pizzerii, restaurante \u0219i cafenele, care au \u00een meniu m\u00e2ncare italian\u0103. Suportul (standul) pentru cuptor de pizza v\u0103 permite s\u0103 amplasa\u021bi echipamentul termic c\u00e2t mai stabil. Nivelurile inferioare sunt rafturi solide unde se p\u0103streaz\u0103 inventarul, ustensilele, ingredientele. Echipamentul se va \u00eencadra cu u\u0219urin\u021b\u0103 \u00een designul unei buc\u0103t\u0103rii deschise.<\/p>\n<p>Caracteristici<\/p>\n<p>Dimensiuni mm: 1250x1120x850<\/p>\n<p>Greutate kg: 32<\/p>\n<p>Net m3: 1,19<\/p>\n","protected":false},"excerpt":{"rendered":"<p>Suport cu dou\u0103 nivele pentru cuptoare pizza.\u00a0Dimensiuni mm: 1250x1120x850; Greutate kg: 32; Net m3: 1,19<\/p>\n","protected":false},"featured_media":12359,"template":"","meta":[],"_links":{"self":[{"href":"https:\/\/evotek.md\/ro\/wp-json\/wp\/v2\/product\/12360"}],"collection":[{"href":"https:\/\/evotek.md\/ro\/wp-json\/wp\/v2\/product"}],"about":[{"href":"https:\/\/evotek.md\/ro\/wp-json\/wp\/v2\/types\/product"}],"wp:featuredmedia":[{"embeddable":true,"href":"https:\/\/evotek.md\/ro\/wp-json\/wp\/v2\/media\/12359"}],"wp:attachment":[{"href":"https:\/\/evotek.md\/ro\/wp-json\/wp\/v2\/media?parent=12360"}],"curies":[{"name":"wp","href":"https:\/\/api.w.org\/{rel}","templated":true}]}}