{"id":1230,"date":"2020-02-05T14:48:36","date_gmt":"2020-02-05T14:48:36","guid":{"rendered":"https:\/\/evotek.md\/?post_type=product&#038;p=1230"},"modified":"2020-02-28T09:07:08","modified_gmt":"2020-02-28T09:07:08","slug":"marmit-pe-apa-hkn-bm3","status":"publish","type":"product","link":"https:\/\/evotek.md\/ro\/produse\/echipamente-pentru-fast-food\/marmite-cu-suport-pe-masa-2\/marmit-pe-apa-hkn-bm3\/","title":{"rendered":"MARMIT PE AP\u0102 HKN-BM3"},"content":{"rendered":"<p><strong>MARMIT PE AP\u0102 HKN-BM3 &#8211; <\/strong>\u00cen acest utilaj se men\u021bin alimentele fierbin\u021bi \u0219i se utilizeaz\u0103 pentru distribuirea diferitor gust\u0103ri, pentru toate tipurile de \u00eentreprinderi de alimenta\u021bie public\u0103.<\/p>\n<p>Carcasa echipamentului este din o\u021bel inoxidabil. Un robinet pentru a scurge apa. Temperatura de \u00eenc\u0103lzire este cuprins\u0103 \u00eentre 30 \u0219i 90 \u00b0 C.\u00a0 Marmitul are dimensiuni 590x350x280 mm. Este conectat la o re\u021bea de 230 V. Consumul maxim de energie este de 1,2 kW. Greutatea total\u0103 a echipamentului este de 9,7 kg.<\/p>\n<p>Caracteristici<\/p>\n<p>Brand Hurakan<\/p>\n<p>\u00cen\u0103l\u021bime: 280 mm<\/p>\n<p>Lungime: 590 mm<\/p>\n<p>L\u0103\u021bime: 350 mm<\/p>\n<p>Putere: 1,2 kW<\/p>\n<p>Greutate net\u0103: 9,7 kg<\/p>\n","protected":false},"excerpt":{"rendered":"<p>Marmit pe ap\u0103 cu volumul rezervorului de 36 l; Dimensiuni: 590x350x280 mm;\u00a0Putere: 1,2 kW;\u00a0 Greutate net\u0103: 9,7 kg.<\/p>\n","protected":false},"featured_media":1229,"template":"","meta":[],"_links":{"self":[{"href":"https:\/\/evotek.md\/ro\/wp-json\/wp\/v2\/product\/1230"}],"collection":[{"href":"https:\/\/evotek.md\/ro\/wp-json\/wp\/v2\/product"}],"about":[{"href":"https:\/\/evotek.md\/ro\/wp-json\/wp\/v2\/types\/product"}],"wp:featuredmedia":[{"embeddable":true,"href":"https:\/\/evotek.md\/ro\/wp-json\/wp\/v2\/media\/1229"}],"wp:attachment":[{"href":"https:\/\/evotek.md\/ro\/wp-json\/wp\/v2\/media?parent=1230"}],"curies":[{"name":"wp","href":"https:\/\/api.w.org\/{rel}","templated":true}]}}