{"id":12265,"date":"2020-06-08T19:47:48","date_gmt":"2020-06-08T19:48:21","guid":{"rendered":"https:\/\/evotek.md\/?post_type=product&#038;p=12265"},"modified":"2023-04-13T11:59:57","modified_gmt":"2023-04-13T11:59:57","slug":"lampa-cu-infrarosu-decorativa-hkn-dl800-hkn-dl800-bronz","status":"publish","type":"product","link":"https:\/\/evotek.md\/ro\/produse\/accesorii-si-inventar-bucatarie\/lampi-pentru-incalzirea-bucatelor\/lampa-cu-infrarosu-decorativa-hkn-dl800-hkn-dl800-bronz\/","title":{"rendered":"LAMPA PENTRU INCALZIREA BUCATELOR (BRONZ) -HKN-DL800 BRONZ"},"content":{"rendered":"<p><strong>LAMPA PENTRU INCALZIREA BUCATELOR (<\/strong><strong style=\"font-size: 14.4px\">BRONZ)<\/strong><strong style=\"font-size: 14.4px\">&#8211;<\/strong><strong style=\"font-size: 14.4px\">HKN-DL800 BRONZ<\/strong><strong style=\"font-size: 14.4px\">&#8211; <\/strong><span style=\"font-size: 14.4px\">folosit pentru a p\u0103stra starea cald\u0103 a m\u00e2nc\u0103rii. Lampa are un design frumos, care \u00eei permite s\u0103 fie folosit\u0103 ca obiect interior \u00eentr-u<\/span><span style=\"font-size: 14.4px\">n restaurant, bar, cafenea sau un alt loc de alimenta\u021bie public\u0103. Carcasa modelului este realizat\u0103 din metal vopsit.<\/span><\/p>\n<p>Caracteristici<\/p>\n<p>Dimensiunile l\u0103mpii: 275x275x600 mm<\/p>\n<p>Putere: 0,25 kW<\/p>\n<p>Conexiune: 230 V<\/p>\n<p>Greutate: 1,5 kg<\/p>\n<p>&nbsp;<\/p>\n","protected":false},"excerpt":{"rendered":"<p>Lampa pentru iincalzirea bucatelor. Lampa men\u021bine temperatura la \u00eentre 600 la 1500 mm. Un bec este inclus. Lampa are dimensiuni de 275x275x600 mm. Este conectat la o re\u021bea de 230 V. Consumul de energie 0,25 kW. Greutatea total\u0103 a echipamentului nu dep\u0103\u0219e\u0219te 1,5 kg.<\/p>\n","protected":false},"featured_media":12245,"template":"","meta":[],"_links":{"self":[{"href":"https:\/\/evotek.md\/ro\/wp-json\/wp\/v2\/product\/12265"}],"collection":[{"href":"https:\/\/evotek.md\/ro\/wp-json\/wp\/v2\/product"}],"about":[{"href":"https:\/\/evotek.md\/ro\/wp-json\/wp\/v2\/types\/product"}],"wp:featuredmedia":[{"embeddable":true,"href":"https:\/\/evotek.md\/ro\/wp-json\/wp\/v2\/media\/12245"}],"wp:attachment":[{"href":"https:\/\/evotek.md\/ro\/wp-json\/wp\/v2\/media?parent=12265"}],"curies":[{"name":"wp","href":"https:\/\/api.w.org\/{rel}","templated":true}]}}