{"id":12262,"date":"2020-06-08T19:46:15","date_gmt":"2020-06-08T19:46:49","guid":{"rendered":"https:\/\/evotek.md\/?post_type=product&#038;p=12262"},"modified":"2023-04-13T12:10:23","modified_gmt":"2023-04-13T12:10:23","slug":"lampa-cu-infrarosu-decorativa-hkn-dl775-negru","status":"publish","type":"product","link":"https:\/\/evotek.md\/ro\/produse\/accesorii-si-inventar-bucatarie\/lampi-pentru-incalzirea-bucatelor\/lampa-cu-infrarosu-decorativa-hkn-dl775-negru\/","title":{"rendered":"LAMPA PENTRU INCALZIREA BUCATELOR (NEGRU) -HKN-DL775 NEGRU"},"content":{"rendered":"<p><strong>LAMPA PENTRU INCALZIREA BUCATELOR (NEGRU<\/strong><strong style=\"font-size: 14.4px\">)<\/strong><strong style=\"font-size: 14.4px\">\u00a0&#8211;<\/strong><strong style=\"font-size: 14.4px\">HKN-DL775 NEGRU<\/strong><strong style=\"font-size: 14.4px\">&#8211; <\/strong><span style=\"font-size: 14.4px\">Conceput\u0103 pentru a men\u021bine m\u00e2ncarea gata cald\u0103 \u00eenainte de servire. Acest model este perfect pentru orice fel de unit\u0103\u021bi de alimenta\u021bie public\u0103. Lampa are un design atractiv. Carcasa este din metal vopsit.<\/span><\/p>\n<p>Caracteristici<\/p>\n<p>Dimensiunile l\u0103mpii: 190x190x600 mm<\/p>\n<p>Putere: 230 kW<\/p>\n<p>Conexiune: 230 V<\/p>\n<p>Greutate: 1,5 kg<\/p>\n<p>&nbsp;<\/p>\n","protected":false},"excerpt":{"rendered":"<p>Lampa pentru iincalzirea bucatelor. \u00cen\u0103l\u021bimea poate fi reglat\u0103 de la 600 mm la 1500 mm. Dimensiunile l\u0103mpii: 190x190x600 mm. Puterea este 0,25. Este conectat la o re\u021bea de 230 V. Greutate: 1,5 kg. Un bec este inclus.<\/p>\n","protected":false},"featured_media":12243,"template":"","meta":[],"_links":{"self":[{"href":"https:\/\/evotek.md\/ro\/wp-json\/wp\/v2\/product\/12262"}],"collection":[{"href":"https:\/\/evotek.md\/ro\/wp-json\/wp\/v2\/product"}],"about":[{"href":"https:\/\/evotek.md\/ro\/wp-json\/wp\/v2\/types\/product"}],"wp:featuredmedia":[{"embeddable":true,"href":"https:\/\/evotek.md\/ro\/wp-json\/wp\/v2\/media\/12243"}],"wp:attachment":[{"href":"https:\/\/evotek.md\/ro\/wp-json\/wp\/v2\/media?parent=12262"}],"curies":[{"name":"wp","href":"https:\/\/api.w.org\/{rel}","templated":true}]}}