{"id":12256,"date":"2020-06-08T19:42:59","date_gmt":"2020-06-08T19:43:35","guid":{"rendered":"https:\/\/evotek.md\/?post_type=product&#038;p=12256"},"modified":"2023-04-13T12:01:02","modified_gmt":"2023-04-13T12:01:02","slug":"lampa-cu-infrarosu-decorativa-hkn-dl775-bronz","status":"publish","type":"product","link":"https:\/\/evotek.md\/ro\/produse\/accesorii-si-inventar-bucatarie\/lampi-pentru-incalzirea-bucatelor\/lampa-cu-infrarosu-decorativa-hkn-dl775-bronz\/","title":{"rendered":"LAMPA PENTRU INCALZIREA BUCATELOR (BRONZ) -HKN-DL775 BRONZ"},"content":{"rendered":"<p><strong>LAMPA PENTRU INCALZIREA BUCATELOR (<\/strong><strong style=\"font-size: 14.4px\">BRONZ) <\/strong><strong style=\"font-size: 14.4px\">&#8211;<\/strong><strong style=\"font-size: 14.4px\">HKN-DL775 BRONZ<\/strong><strong style=\"font-size: 14.4px\">&#8211; <\/strong><span style=\"font-size: 14.4px\">Conceput\u0103 pentru a men\u021bine m\u00e2ncarea gata cald\u0103 \u00eenainte de servire. Acest model este perfect pentru orice fel de unit\u0103\u021bi de alimenta\u021bie public\u0103. Lampa are un design atractiv. Carcasa este din metal vopsit.<\/span><\/p>\n<p>Caracteristici<\/p>\n<p>Dimensiunile l\u0103mpii: 190x190x600 mm<\/p>\n<p>Putere: 230 kW<\/p>\n<p>Conexiune: 230 V<\/p>\n<p>Greutate: 1,5 kg<\/p>\n<p>&nbsp;<\/p>\n","protected":false},"excerpt":{"rendered":"<p>Lampa pentru iincalzirea bucatelor. \u00cen\u0103l\u021bimea poate fi reglat\u0103 de la 600 mm la 1500 mm. Dimensiunile l\u0103mpii: 190x190x600 mm. Puterea este 0,25. Este conectat la o re\u021bea de 230 V. Greutate: 1,5 kg. Un bec este inclus.<\/p>\n","protected":false},"featured_media":12239,"template":"","meta":[],"_links":{"self":[{"href":"https:\/\/evotek.md\/ro\/wp-json\/wp\/v2\/product\/12256"}],"collection":[{"href":"https:\/\/evotek.md\/ro\/wp-json\/wp\/v2\/product"}],"about":[{"href":"https:\/\/evotek.md\/ro\/wp-json\/wp\/v2\/types\/product"}],"wp:featuredmedia":[{"embeddable":true,"href":"https:\/\/evotek.md\/ro\/wp-json\/wp\/v2\/media\/12239"}],"wp:attachment":[{"href":"https:\/\/evotek.md\/ro\/wp-json\/wp\/v2\/media?parent=12256"}],"curies":[{"name":"wp","href":"https:\/\/api.w.org\/{rel}","templated":true}]}}