{"id":1223,"date":"2020-02-05T14:36:33","date_gmt":"2020-02-05T14:36:33","guid":{"rendered":"https:\/\/evotek.md\/?post_type=product&#038;p=1223"},"modified":"2020-03-04T17:07:03","modified_gmt":"2020-03-04T17:07:03","slug":"acoperire-pentru-grill-hkn-gw5m-gc","status":"publish","type":"product","link":"https:\/\/evotek.md\/ro\/produse\/echipamente-pentru-fast-food\/roller-grill\/acoperire-pentru-grill-hkn-gw5m-gc\/","title":{"rendered":"ACOPERIRE\u00a0PENTRU\u00a0GRILL HKN-GW5M-GC"},"content":{"rendered":"<p><strong>ACOPERIRE PENTRU GRILL HKN-GW5M-GC &#8211; <\/strong>Este conceput pentru a proteja produsele alimentare \u00eempotriva prafului, de asemenea \u0219i pentru a proteja vizitatorii, personalul \u0219i zona \u00eenconjur\u0103toare \u00een caz de stropire a gr\u0103simii \u00een timpul func\u021bion\u0103rii dispozitivului. Se potrive\u0219te modelului HKN-GW5M; Material- plexiglas.<\/p>\n<p>Culoarea produsului poate s\u0103 difere de cea prezentat\u0103 pe site.<\/p>\n<p>Caracteristici<\/p>\n<p>Dimensiuni generale: 560x257x220 mm<\/p>\n<p>Greutate: 1,5 kg<\/p>\n","protected":false},"excerpt":{"rendered":"<p>Acoperire pentru grill: Dimensiuni generale: 560x257x220 mm; Greutate: 1,5 kg.<\/p>\n","protected":false},"featured_media":1222,"template":"","meta":[],"_links":{"self":[{"href":"https:\/\/evotek.md\/ro\/wp-json\/wp\/v2\/product\/1223"}],"collection":[{"href":"https:\/\/evotek.md\/ro\/wp-json\/wp\/v2\/product"}],"about":[{"href":"https:\/\/evotek.md\/ro\/wp-json\/wp\/v2\/types\/product"}],"wp:featuredmedia":[{"embeddable":true,"href":"https:\/\/evotek.md\/ro\/wp-json\/wp\/v2\/media\/1222"}],"wp:attachment":[{"href":"https:\/\/evotek.md\/ro\/wp-json\/wp\/v2\/media?parent=1223"}],"curies":[{"name":"wp","href":"https:\/\/api.w.org\/{rel}","templated":true}]}}