{"id":12135,"date":"2020-06-05T14:51:02","date_gmt":"2020-06-05T14:51:02","guid":{"rendered":"https:\/\/evotek.md\/?post_type=product&#038;p=12135"},"modified":"2020-06-09T14:00:32","modified_gmt":"2020-06-09T14:00:32","slug":"hota-din-inox-%d0%ba%d0%b8%d0%b9-%d0%b2-%d0%b7%d0%b2%d0%be-%d0%bd%d1%84","status":"publish","type":"product","link":"https:\/\/evotek.md\/ro\/produse\/mobila-din-inox\/hote-din-inox\/hote-la-comanda\/hota-din-inox-%d0%ba%d0%b8%d0%b9-%d0%b2-%d0%b7%d0%b2%d0%be-%d0%bd%d1%84\/","title":{"rendered":"HOT\u0102 DIN INOX -ZVO NF"},"content":{"rendered":"<p><strong>HOT\u0102 DIN INOX -ZVO NF<\/strong><strong>&#8211; <\/strong>Modelul hotei de ventila\u021bie pentru tavane joase are o t\u0103ietur\u0103 special\u0103 care permite buc\u0103tarului s\u0103 lucreze f\u0103r\u0103 niciun fel de disconfort asociat cu \u00een\u0103l\u021bimea hotei. Hota este echipat\u0103 cu filtre labirint din inox deta\u0219abile \u0219i un robinet pentru drenarea lichidului acumulat. Filtrele sunt u\u0219or de instalat \u0219i de dezasamblat. Diametrul flan\u0219ei de montare poate fi de orice form\u0103 \u0219i dimensiune.<\/p>\n<p>Caracteristici<\/p>\n<p>Material: inox<\/p>\n<p>Tipul de montare: Insula<\/p>\n<p>Diametrul flan\u0219ei de leg\u0103tur\u0103: 250-350 mm<\/p>\n<p>Degresant: tip labirint<\/p>\n<p>Parametri: 350&#215;900-1900&#215;700-2000 mm<\/p>\n<p>&nbsp;<\/p>\n","protected":false},"excerpt":{"rendered":"<p>Hot\u0103 din inox pentru tavane joase. Parametri: 350&#215;900-1900&#215;700-2000 mm.<\/p>\n<p>Se realizeaz\u0103 individual \u00een conformitate cu cerin\u021bele clien\u021bilor.<\/p>\n","protected":false},"featured_media":12130,"template":"","meta":[],"_links":{"self":[{"href":"https:\/\/evotek.md\/ro\/wp-json\/wp\/v2\/product\/12135"}],"collection":[{"href":"https:\/\/evotek.md\/ro\/wp-json\/wp\/v2\/product"}],"about":[{"href":"https:\/\/evotek.md\/ro\/wp-json\/wp\/v2\/types\/product"}],"wp:featuredmedia":[{"embeddable":true,"href":"https:\/\/evotek.md\/ro\/wp-json\/wp\/v2\/media\/12130"}],"wp:attachment":[{"href":"https:\/\/evotek.md\/ro\/wp-json\/wp\/v2\/media?parent=12135"}],"curies":[{"name":"wp","href":"https:\/\/api.w.org\/{rel}","templated":true}]}}