{"id":1213,"date":"2020-02-05T14:28:16","date_gmt":"2020-02-05T14:29:23","guid":{"rendered":"https:\/\/evotek.md\/?post_type=product&#038;p=1213"},"modified":"2022-09-13T06:58:49","modified_gmt":"2022-09-13T06:58:49","slug":"grill-pentru-hot-dog-hkn-gw9m","status":"publish","type":"product","link":"https:\/\/evotek.md\/ro\/produse\/echipamente-pentru-fast-food\/roller-grill\/grill-pentru-hot-dog-hkn-gw9m\/","title":{"rendered":"GRILL PENTRU HOT-DOG 9 ROLE (ROLLER GRILL) HKN-GW9M"},"content":{"rendered":"<p><strong>GRILL PENTRU HOT-DOG 9 ROLE (ROLLER GRILL) <\/strong><strong>HKN-GW9M<\/strong> &#8211; Acest grill garanteaz\u0103 pr\u0103jirea rapid\u0103 \u0219i de \u00eenalt\u0103 calitate a c\u00e2rn\u0103ciorilor, mezelurilor \u0219i altele. Cel mai des sunt folosite la \u00eentreprinderile de fast-food. Materialul carcasei: o\u021bel inoxidabil; Materialul rolelor: o\u021bel inoxidabil.<\/p>\n<p>Culoarea produsului poate s\u0103 difere de cea prezentat\u0103 pe site.<\/p>\n<p>Caracteristici<\/p>\n<p>Putere: 1,35 kW<\/p>\n<p>Tensiune: 220 V<\/p>\n<p>Dimensiuni generale: 580x410x180 mm<\/p>\n<p>Greutate: 13 kg<\/p>\n<p>Num\u0103rul de role: 9 buc<\/p>\n","protected":false},"excerpt":{"rendered":"<p>Grill pentru hot-dog cu 9 role. Dimensiuni generale: 580x410x180 mm; Putere: 1,35 kW; Tensiune: 220 V; Greutate: 13 kg.<\/p>\n","protected":false},"featured_media":1212,"template":"","meta":[],"_links":{"self":[{"href":"https:\/\/evotek.md\/ro\/wp-json\/wp\/v2\/product\/1213"}],"collection":[{"href":"https:\/\/evotek.md\/ro\/wp-json\/wp\/v2\/product"}],"about":[{"href":"https:\/\/evotek.md\/ro\/wp-json\/wp\/v2\/types\/product"}],"wp:featuredmedia":[{"embeddable":true,"href":"https:\/\/evotek.md\/ro\/wp-json\/wp\/v2\/media\/1212"}],"wp:attachment":[{"href":"https:\/\/evotek.md\/ro\/wp-json\/wp\/v2\/media?parent=1213"}],"curies":[{"name":"wp","href":"https:\/\/api.w.org\/{rel}","templated":true}]}}