{"id":12120,"date":"2020-06-05T13:18:20","date_gmt":"2020-06-05T13:18:20","guid":{"rendered":"https:\/\/evotek.md\/?post_type=product&#038;p=12120"},"modified":"2020-07-28T14:26:37","modified_gmt":"2020-07-28T14:26:37","slug":"dulap-pentru-paine-%d1%88%d1%84%d1%85-2%d0%b4%d1%80-4%d0%b4","status":"publish","type":"product","link":"https:\/\/evotek.md\/ro\/produse\/mobila-din-inox\/dulapuri-din-inox\/dulapuri-din-inox-pentru-paine\/dulap-pentru-paine-%d1%88%d1%84%d1%85-2%d0%b4%d1%80-4%d0%b4\/","title":{"rendered":"DULAP PENTRU P\u00c2INE -SFH-2DR-4D"},"content":{"rendered":"<p><strong>DULAP PENTRU P\u00c2INE<\/strong> <strong>-SFH-2DR-4D<\/strong><strong>&#8211; <\/strong>utilizat \u00een produc\u021bia de panifica\u021bie. Ofer\u0103 circula\u021bie normal\u0103 a aerului, prevenind mucegaiul \u0219i mirosurile nepl\u0103cute. Datorit\u0103 suporturilor reglabile din poliamid\u0103, o astfel de construc\u021bie are stabilitatea \u0219i fiabilitatea sporit\u0103. U\u0219ile batante se \u00eenchid str\u00e2ns \u0219i nu vor permite ca praful, umezeala, lumina direct\u0103 a soarelui s\u0103 intre \u00een interior. Tavile sunt din lemn.<\/p>\n<p>Caracteristici<\/p>\n<p>Parametri: 600x600x1800 mm<\/p>\n<p>Num\u0103rul de t\u0103vi: 4<\/p>\n<p>U\u0219i batante: 2<\/p>\n<p>&nbsp;<\/p>\n","protected":false},"excerpt":{"rendered":"<p>Dulap din inox conceput pentru depozitarea p\u00e2inii. Parametri: 600x600x1800 mm; Num\u0103rul de t\u0103vi: 4; U\u0219i batante: 2.<\/p>\n","protected":false},"featured_media":12109,"template":"","meta":[],"_links":{"self":[{"href":"https:\/\/evotek.md\/ro\/wp-json\/wp\/v2\/product\/12120"}],"collection":[{"href":"https:\/\/evotek.md\/ro\/wp-json\/wp\/v2\/product"}],"about":[{"href":"https:\/\/evotek.md\/ro\/wp-json\/wp\/v2\/types\/product"}],"wp:featuredmedia":[{"embeddable":true,"href":"https:\/\/evotek.md\/ro\/wp-json\/wp\/v2\/media\/12109"}],"wp:attachment":[{"href":"https:\/\/evotek.md\/ro\/wp-json\/wp\/v2\/media?parent=12120"}],"curies":[{"name":"wp","href":"https:\/\/api.w.org\/{rel}","templated":true}]}}