{"id":12094,"date":"2020-06-05T08:50:22","date_gmt":"2020-06-05T08:50:22","guid":{"rendered":"https:\/\/evotek.md\/?post_type=product&#038;p=12094"},"modified":"2021-11-08T15:39:04","modified_gmt":"2021-11-08T15:39:04","slug":"masa-dulap-cu-chiuveta-%d1%81%d1%82%d0%bc%d0%b2-1%d1%81-2%d0%b4%d1%80-2","status":"publish","type":"product","link":"https:\/\/evotek.md\/ro\/produse\/mobila-din-inox\/masa-dulap-cu-chiuveta\/masa-dulap-cu-chiuveta-%d1%81%d1%82%d0%bc%d0%b2-1%d1%81-2%d0%b4%d1%80-2\/","title":{"rendered":"MAS\u0102-DULAP CU O CHIUVET\u0102 \u0218I U\u0218I BATANTE -STMV-1S-2DR"},"content":{"rendered":"<p><strong>MAS\u0102-DULAP CU O CHIUVET\u0102 \u0218I U\u0218I BATANTE STMV-1S-2DR-<\/strong> Mesele din inox cu dulap sunt folosite ca suprafe\u021be de lucru \u00een buc\u0103t\u0103rie, de asemenea pentru depozitarea vaselor, ustensilelor de buc\u0103t\u0103rie sau a produselor alimentare \u00eentr-un spa\u021biu protejat. Masa \u0219i carcasa cu u\u0219i sunt realizate din inox.<\/p>\n<p>Caracteristici<br \/>\nParametri (l\/l\/\u00ee): 900-1300&#215;500-700&#215;850 mm<br \/>\nNum\u0103r u\u0219i: 2 buc.<br \/>\nNum\u0103r rafturi: 1 buc.<br \/>\nNum\u0103r chiuvete: 1 buc.<\/p>\n<p>&nbsp;<\/p>\n","protected":false},"excerpt":{"rendered":"<p>Mas\u0103-dulap cu o chiuvet\u0103 \u0219i 2 u\u0219i batante. Parametri (l\/l\/\u00ee): 900-1300&#215;500-700&#215;850 mm; Num\u0103r u\u0219i: 2 buc.; Num\u0103r rafturi: 1 buc.; Num\u0103r chiuvete: 1 buc.<\/p>\n<p>*Se efectueaz\u0103 individual dup\u0103 cerin\u021bele clientului.<br \/>\n*Robinetul \u0219i sifoanele nu sunt incluse.<\/p>\n<p>&nbsp;<\/p>\n","protected":false},"featured_media":12051,"template":"","meta":[],"_links":{"self":[{"href":"https:\/\/evotek.md\/ro\/wp-json\/wp\/v2\/product\/12094"}],"collection":[{"href":"https:\/\/evotek.md\/ro\/wp-json\/wp\/v2\/product"}],"about":[{"href":"https:\/\/evotek.md\/ro\/wp-json\/wp\/v2\/types\/product"}],"wp:featuredmedia":[{"embeddable":true,"href":"https:\/\/evotek.md\/ro\/wp-json\/wp\/v2\/media\/12051"}],"wp:attachment":[{"href":"https:\/\/evotek.md\/ro\/wp-json\/wp\/v2\/media?parent=12094"}],"curies":[{"name":"wp","href":"https:\/\/api.w.org\/{rel}","templated":true}]}}