{"id":12088,"date":"2020-06-05T08:47:36","date_gmt":"2020-06-05T08:47:57","guid":{"rendered":"https:\/\/evotek.md\/?post_type=product&#038;p=12088"},"modified":"2022-11-16T12:36:22","modified_gmt":"2022-11-16T12:36:22","slug":"masa-dulap-cu-chiuveta-%d1%81%d1%82%d0%bc%d0%b2-1%d1%81-2%d0%b4%d1%80-3%d1%8f-2","status":"publish","type":"product","link":"https:\/\/evotek.md\/ro\/produse\/mobila-din-inox\/masa-dulap-cu-chiuveta\/masa-dulap-cu-chiuveta-%d1%81%d1%82%d0%bc%d0%b2-1%d1%81-2%d0%b4%d1%80-3%d1%8f-2\/","title":{"rendered":"MAS\u0102-DULAP CU CHIUVET\u0102 900x500x850 mm -STMV-1S-2DR-3S"},"content":{"rendered":"<p><strong>MAS\u0102-DULAP CU CHIUVET\u0102 900x500x850 mm -STMV-1S-2DR-3S-<\/strong> Mesele din inox cu dulap sunt folosite ca suprafe\u021be de lucru \u00een buc\u0103t\u0103rie, de asemenea pentru depozitarea vaselor, ustensilelor de buc\u0103t\u0103rie sau a produselor alimentare \u00eentr-un spa\u021biu protejat. Masa \u0219i carcasa cu u\u0219i sunt realizate din inox. Picioarele sunt reglabile \u00een \u00een\u0103l\u021bime. Pe interior, blatul este consolidat cu o foaie de PAL. Chiuveta este realizat\u0103 \u00eentr-o versiune sudat\u0103.<\/p>\n<p>Caracteristici<\/p>\n<p>Parametri: 900x500x850 mm<\/p>\n<p>Num\u0103r de u\u0219i: 2<\/p>\n<p>Tipul u\u0219ii: batant\u0103<\/p>\n<p>Num\u0103rul de sertare: 1<\/p>\n<p>Num\u0103rul de rafturi: 1<\/p>\n<p>&nbsp;<\/p>\n","protected":false},"excerpt":{"rendered":"<p>Mas\u0103-dulap cu o chiuvet\u0103. Parametri: 900x500x850 mm; Num\u0103r de u\u0219i: 2; Num\u0103rul de rafturi: 1.<\/p>\n<p>Se efectueaz\u0103 individual dup\u0103 cerin\u021bele clientului.<\/p>\n<p>*Robinetul \u0219i sifoanele nu sunt incluse.<\/p>\n","protected":false},"featured_media":12047,"template":"","meta":[],"_links":{"self":[{"href":"https:\/\/evotek.md\/ro\/wp-json\/wp\/v2\/product\/12088"}],"collection":[{"href":"https:\/\/evotek.md\/ro\/wp-json\/wp\/v2\/product"}],"about":[{"href":"https:\/\/evotek.md\/ro\/wp-json\/wp\/v2\/types\/product"}],"wp:featuredmedia":[{"embeddable":true,"href":"https:\/\/evotek.md\/ro\/wp-json\/wp\/v2\/media\/12047"}],"wp:attachment":[{"href":"https:\/\/evotek.md\/ro\/wp-json\/wp\/v2\/media?parent=12088"}],"curies":[{"name":"wp","href":"https:\/\/api.w.org\/{rel}","templated":true}]}}