{"id":12071,"date":"2020-06-05T08:39:03","date_gmt":"2020-06-05T08:39:23","guid":{"rendered":"https:\/\/evotek.md\/?post_type=product&#038;p=12071"},"modified":"2023-12-08T15:47:42","modified_gmt":"2023-12-08T15:47:42","slug":"mv-5-1s","status":"publish","type":"product","link":"https:\/\/evotek.md\/ro\/produse\/mobila-din-inox\/masa-dulap-cu-chiuveta\/mv-5-1s\/","title":{"rendered":"MASA DULAP DIN INOX CU USI BATANTE POLITA SI CHIUVETA ORDINARA PE STANGA 600x600x850 -MV-5-1S"},"content":{"rendered":"<p><strong>MASA DULAP DIN INOX CU USI BATANTE POLITA SI CHIUVETA ORDINARA PE STANGA 600x600x850 -MV-5-1S-<\/strong> Mesele din inox cu dulap sunt folosite ca suprafe\u021be de lucru \u00een buc\u0103t\u0103rie, de asemenea pentru depozitarea vaselor, ustensilelor de buc\u0103t\u0103rie sau a produselor alimentare \u00eentr-un spa\u021biu protejat. Masa \u0219i carcasa cu u\u0219i sunt realizate din inox. Picioarele sunt reglabile \u00een \u00een\u0103l\u021bime. Pe interior, blatul este consolidat cu o foaie de PAL. Chiuveta este realizat\u0103 \u00eentr-o versiune sudat\u0103.<\/p>\n<p>Caracteristici<br \/>\nParametri: 600x600x850 mm<br \/>\nNum\u0103r de u\u0219i: 2<br \/>\nTipul u\u0219ii: batant\u0103<br \/>\nNum\u0103rul de rafturi: 1<br \/>\nNumar de chiuvete: 1<\/p>\n<p>&nbsp;<\/p>\n","protected":false},"excerpt":{"rendered":"<p>Mas\u0103-dulap din inox cu usi batante polita si chiuveta ordinara. Parametri: 600x600x850 mm; Num\u0103r de u\u0219i: 2; Tipul u\u0219ii: batant\u0103; Num\u0103rul de rafturi: 1; Numar de chiuvete: 1. *Se efectueaz\u0103 individual dup\u0103 cerin\u021bele clientului. *Robinetul \u0219i sifoanele nu sunt incluse.<\/p>\n","protected":false},"featured_media":12031,"template":"","meta":[],"_links":{"self":[{"href":"https:\/\/evotek.md\/ro\/wp-json\/wp\/v2\/product\/12071"}],"collection":[{"href":"https:\/\/evotek.md\/ro\/wp-json\/wp\/v2\/product"}],"about":[{"href":"https:\/\/evotek.md\/ro\/wp-json\/wp\/v2\/types\/product"}],"wp:featuredmedia":[{"embeddable":true,"href":"https:\/\/evotek.md\/ro\/wp-json\/wp\/v2\/media\/12031"}],"wp:attachment":[{"href":"https:\/\/evotek.md\/ro\/wp-json\/wp\/v2\/media?parent=12071"}],"curies":[{"name":"wp","href":"https:\/\/api.w.org\/{rel}","templated":true}]}}