{"id":12062,"date":"2020-06-05T08:34:54","date_gmt":"2020-06-05T08:34:54","guid":{"rendered":"https:\/\/evotek.md\/?post_type=product&#038;p=12062"},"modified":"2021-11-08T15:37:17","modified_gmt":"2021-11-08T15:37:17","slug":"masa-dulap-cu-chiuveta-%d1%81%d1%82%d0%bc%d0%b2-1%d1%81-1%d0%b4%d1%80-3%d1%8f","status":"publish","type":"product","link":"https:\/\/evotek.md\/ro\/produse\/mobila-din-inox\/masa-dulap-cu-chiuveta\/masa-dulap-cu-chiuveta-%d1%81%d1%82%d0%bc%d0%b2-1%d1%81-1%d0%b4%d1%80-3%d1%8f\/","title":{"rendered":"MAS\u0102-DULAP CU CHIUVET\u0102 -STMV-1S-1DR-3"},"content":{"rendered":"<p><strong>MAS\u0102-DULAP CU CHIUVET\u0102<\/strong> <strong>-STMV-1S-1DR-3<\/strong><strong>&#8211;<\/strong> Mesele din inox cu dulap sunt folosite ca suprafe\u021be de lucru \u00een buc\u0103t\u0103rie, de asemenea pentru depozitarea vaselor, ustensilelor de buc\u0103t\u0103rie sau a produselor alimentare \u00eentr-un spa\u021biu protejat. Masa \u0219i carcasa cu u\u0219i sunt realizate din inox. Picioarele sunt reglabile \u00een \u00een\u0103l\u021bime. Pe interior, blatul este consolidat cu o foaie de PAL. Chiuveta este realizat\u0103 \u00eentr-o versiune sudat\u0103.<\/p>\n<p>Caracteristici<br \/>\nParametri (l,l,\u00ee): 800-1200&#215;500-700&#215;850 mm<br \/>\nNum\u0103r de u\u0219i: 1 buc.<br \/>\nNum\u0103r de sertare: 3 buc.<br \/>\nNum\u0103r rafturi: 1 buc.<br \/>\nNum\u0103r chiuvete: 1 buc.<\/p>\n<p>&nbsp;<\/p>\n","protected":false},"excerpt":{"rendered":"<p>Mas\u0103-dulap cu o chiuvet\u0103, o u\u0219\u0103 \u0219i trei sertare. Parametri (l,l,\u00ee): 800-1200&#215;500-700&#215;850 mm; Num\u0103r de u\u0219i: 1 buc.; Num\u0103r de sertare: 3 buc.; Num\u0103r rafturi: 1 buc.; Num\u0103r chiuvete: 1 buc.<\/p>\n<p>*Se efectueaz\u0103 individual dup\u0103 cerin\u021bele clientului.<br \/>\n*Robinetul \u0219i sifoanele nu sunt incluse.<\/p>\n","protected":false},"featured_media":12023,"template":"","meta":[],"_links":{"self":[{"href":"https:\/\/evotek.md\/ro\/wp-json\/wp\/v2\/product\/12062"}],"collection":[{"href":"https:\/\/evotek.md\/ro\/wp-json\/wp\/v2\/product"}],"about":[{"href":"https:\/\/evotek.md\/ro\/wp-json\/wp\/v2\/types\/product"}],"wp:featuredmedia":[{"embeddable":true,"href":"https:\/\/evotek.md\/ro\/wp-json\/wp\/v2\/media\/12023"}],"wp:attachment":[{"href":"https:\/\/evotek.md\/ro\/wp-json\/wp\/v2\/media?parent=12062"}],"curies":[{"name":"wp","href":"https:\/\/api.w.org\/{rel}","templated":true}]}}