{"id":12011,"date":"2020-06-04T16:14:27","date_gmt":"2020-06-04T16:14:27","guid":{"rendered":"https:\/\/evotek.md\/?post_type=product&#038;p=12011"},"modified":"2020-07-16T07:34:05","modified_gmt":"2020-07-16T07:34:05","slug":"masa-cu-blat-pentru-fainoase-fara-bordur-svb-fai","status":"publish","type":"product","link":"https:\/\/evotek.md\/ro\/produse\/mobila-din-inox\/mese-din-inox\/mese-cu-blatul-pentru-produse-fainoase-din-inox\/masa-cu-blat-pentru-fainoase-fara-bordur-svb-fai\/","title":{"rendered":"MAS\u0102 CU BLAT PENTRU F\u0102INOASE, F\u0102R\u0102 BORDUR &#8211; SVB FAI"},"content":{"rendered":"<p><strong>MAS\u0102 CU BLAT PENTRU F\u0102INOASE, FARA BORDUR -SVB-FAI- <\/strong>Masa pentru produse f\u0103inoase este un element indispensabil al mobilierului \u00een unit\u0103\u021bile de cofet\u0103rie, precum \u0219i \u00een orice locuri din alimenta\u021bia public\u0103 \u00een care sunt preparate produse f\u0103inoase. Drojdia, f\u0103ina, ou\u0103le &#8211; toate acestea sunt foarte sensibile la suprafa\u021ba pe care se fr\u0103m\u00e2nt\u0103 aluatul. Mesele ar trebui s\u0103 fie puternice, deoarece la fr\u0103m\u00e2ntarea aluatului, buc\u0103tarii fac eforturi semnificative, care vor fi \u00een mod necesar transferate pe blatul \u0219i rama mesei. Prin urmare, o solu\u021bie ideal\u0103 ar fi o mas\u0103 cu blat de lucru din lemn. Se combin\u0103 avantajele lemnului \u0219i metalului: siguran\u021b\u0103, durabilitate \u0219i u\u0219urin\u021b\u0103 de cur\u0103\u021bare.<\/p>\n<p>Caracteristici<\/p>\n<p>Materialul carcasei: inox<\/p>\n<p>Materialul blatului: placaj rezistent la umiditate<\/p>\n<p>Cu raft: da<\/p>\n<p>F\u0103r\u0103 bordur.<\/p>\n<p>L\u0103\u021bime: de la 600 p\u00e2n\u0103 la 700 mm.<\/p>\n<p>Lungime: de la 600 p\u00e2n\u0103 la 2000 mm.<\/p>\n<p>\u00cen\u0103l\u021bime: 900 mm.<\/p>\n<p>Picioare reglabile<\/p>\n<p>Carcasa realizat\u0103 din \u021beav\u0103 30&#215;30 mm.<\/p>\n<p>Masa din inox pentru producer f\u0103inoase SVB- FAI, \u00a0poate fi realizat\u0103 dup\u0103 proiectul individual.<\/p>\n<p>&nbsp;<\/p>\n","protected":false},"excerpt":{"rendered":"<p>Mas\u0103 din inox pentru prelucrare f\u00e2inoase cu raft, f\u0103r\u0103 bordur. Materialul carcasei: inox. Materialul blatului: placaj rezistent la umiditate. L\u0103\u021bime: de la 600 p\u00e2n\u0103 la 700 mm. Lungime: de la 600 p\u00e2n\u0103 la 2000 mm.<\/p>\n<p>Masa din inox pentru producere f\u0103inoase SVB- FAI, \u00a0poate fi realizat\u0103 dup\u0103 proiectul individual.<\/p>\n","protected":false},"featured_media":12007,"template":"","meta":[],"_links":{"self":[{"href":"https:\/\/evotek.md\/ro\/wp-json\/wp\/v2\/product\/12011"}],"collection":[{"href":"https:\/\/evotek.md\/ro\/wp-json\/wp\/v2\/product"}],"about":[{"href":"https:\/\/evotek.md\/ro\/wp-json\/wp\/v2\/types\/product"}],"wp:featuredmedia":[{"embeddable":true,"href":"https:\/\/evotek.md\/ro\/wp-json\/wp\/v2\/media\/12007"}],"wp:attachment":[{"href":"https:\/\/evotek.md\/ro\/wp-json\/wp\/v2\/media?parent=12011"}],"curies":[{"name":"wp","href":"https:\/\/api.w.org\/{rel}","templated":true}]}}