{"id":12008,"date":"2020-06-04T16:12:55","date_gmt":"2020-06-04T16:12:55","guid":{"rendered":"https:\/\/evotek.md\/?post_type=product&#038;p=12008"},"modified":"2021-11-02T13:50:31","modified_gmt":"2021-11-02T13:50:31","slug":"masa-cu-blat-si-bordur-pentru-fainoase-sp-4-fai","status":"publish","type":"product","link":"https:\/\/evotek.md\/ro\/produse\/mobila-din-inox\/mese-din-inox\/mese-cu-blatul-pentru-produse-fainoase-din-inox\/masa-cu-blat-si-bordur-pentru-fainoase-sp-4-fai\/","title":{"rendered":"MAS\u0102 PENTRU F\u0102INOASE -SVB-D"},"content":{"rendered":"<p><strong>MAS\u0102 PENTRU F\u0102INOASE -SVB-D- <\/strong>Masa pentru produse f\u0103inoase este un element indispensabil al mobilierului \u00een unit\u0103\u021bile de cofet\u0103rie, precum \u0219i \u00een orice locuri din alimenta\u021bia public\u0103 \u00een care sunt preparate produse f\u0103inoase. Drojdia, f\u0103ina, ou\u0103le &#8211; toate acestea sunt foarte sensibile la suprafa\u021ba pe care se fr\u0103m\u00e2nt\u0103 aluatul. Mesele ar trebui s\u0103 fie puternice, deoarece la fr\u0103m\u00e2ntarea aluatului, buc\u0103tarii fac eforturi semnificative, care vor fi \u00een mod necesar transferate pe blatul \u0219i rama mesei. Prin urmare, o solu\u021bie ideal\u0103 ar fi o mas\u0103 cu blat de lucru din lemn. Se combin\u0103 avantajele lemnului \u0219i metalului: siguran\u021b\u0103, durabilitate \u0219i u\u0219urin\u021b\u0103 de cur\u0103\u021bare. Blaturile mesei sunt din lemn de esen\u021b\u0103 tare cu sau f\u0103r\u0103 bordur (la cerere).<\/p>\n<p>Caracteristici<\/p>\n<p>Dimensiuni totale, (l\/l\/a): 1000-2000&#215;600-1200&#215;850 mm<br \/>\nGrosimea pl\u0103cii de lemn: 30 mm<\/p>\n<p>*Masa din inox pentru produse f\u0103inoase poate fi realizat\u0103 dup\u0103 proiectul individual.<\/p>\n<p>&nbsp;<\/p>\n","protected":false},"excerpt":{"rendered":"<p>*Mas\u0103 din inox pentru prelucrarea f\u00e2inoaselor. Dimensiuni totale, (l\/l\/a): 1000-2000&#215;600-1200&#215;850 mm; Grosimea pl\u0103cii de lemn: 30 mm.<\/p>\n<p>&nbsp;<\/p>\n","protected":false},"featured_media":12005,"template":"","meta":[],"_links":{"self":[{"href":"https:\/\/evotek.md\/ro\/wp-json\/wp\/v2\/product\/12008"}],"collection":[{"href":"https:\/\/evotek.md\/ro\/wp-json\/wp\/v2\/product"}],"about":[{"href":"https:\/\/evotek.md\/ro\/wp-json\/wp\/v2\/types\/product"}],"wp:featuredmedia":[{"embeddable":true,"href":"https:\/\/evotek.md\/ro\/wp-json\/wp\/v2\/media\/12005"}],"wp:attachment":[{"href":"https:\/\/evotek.md\/ro\/wp-json\/wp\/v2\/media?parent=12008"}],"curies":[{"name":"wp","href":"https:\/\/api.w.org\/{rel}","templated":true}]}}