{"id":1200,"date":"2020-02-05T14:19:30","date_gmt":"2020-02-05T14:21:30","guid":{"rendered":"https:\/\/evotek.md\/?post_type=product&#038;p=1200"},"modified":"2022-09-13T06:59:22","modified_gmt":"2022-09-13T06:59:22","slug":"grill-pentru-hot-dog-hkn-gw5m","status":"publish","type":"product","link":"https:\/\/evotek.md\/ro\/produse\/echipamente-pentru-fast-food\/roller-grill\/grill-pentru-hot-dog-hkn-gw5m\/","title":{"rendered":"GRILL PENTRU HOT-DOG 5 ROLE (ROLLER GRILL) HKN-GW5M"},"content":{"rendered":"<p><strong>GRILL PENTRU HOT-DOG 5 ROLE (ROLLER GRILL)<\/strong> <strong>HKN-GW5M &#8211; <\/strong>Acest grill garanteaz\u0103 pr\u0103jirea rapid\u0103 \u0219i de \u00eenalt\u0103 calitate a c\u00e2rn\u0103ciorilor, mezelurilor \u0219i altele. Cel mai des sunt folosite la \u00eentreprinderile de fast-food. Materialul carcasei: o\u021bel inoxidabil; Materialul rolelor: o\u021bel inoxidabil.<\/p>\n<p>Culoarea produsului poate s\u0103 difere de cea prezentat\u0103 pe site.<\/p>\n<p>Caracteristici<\/p>\n<p>Putere: 0,75 kW<\/p>\n<p>Tensiune: 220 V<\/p>\n<p>Dimensiuni generale: 580x255x180 mm<\/p>\n<p>Greutate: 7,5 kg<\/p>\n<p>Num\u0103rul de role: 5 buc.<\/p>\n","protected":false},"excerpt":{"rendered":"<p>Grill pentru hot-dog cu 5 role. Dimensiuni generale: 580x255x180 mm; Putere: 0,75 kW; Tensiune: 220 V; Greutate: 7,5 kg.<\/p>\n","protected":false},"featured_media":1199,"template":"","meta":[],"_links":{"self":[{"href":"https:\/\/evotek.md\/ro\/wp-json\/wp\/v2\/product\/1200"}],"collection":[{"href":"https:\/\/evotek.md\/ro\/wp-json\/wp\/v2\/product"}],"about":[{"href":"https:\/\/evotek.md\/ro\/wp-json\/wp\/v2\/types\/product"}],"wp:featuredmedia":[{"embeddable":true,"href":"https:\/\/evotek.md\/ro\/wp-json\/wp\/v2\/media\/1199"}],"wp:attachment":[{"href":"https:\/\/evotek.md\/ro\/wp-json\/wp\/v2\/media?parent=1200"}],"curies":[{"name":"wp","href":"https:\/\/api.w.org\/{rel}","templated":true}]}}