{"id":11992,"date":"2020-06-04T12:11:14","date_gmt":"2020-06-04T12:11:35","guid":{"rendered":"https:\/\/evotek.md\/?post_type=product&#038;p=11992"},"modified":"2023-03-14T14:06:07","modified_gmt":"2023-03-14T14:06:07","slug":"masa-de-lucru-%d1%81%d0%bf-5","status":"publish","type":"product","link":"https:\/\/evotek.md\/ro\/produse\/mobila-din-inox\/mese-din-inox\/mese-din-inox-sudate\/masa-de-lucru-%d1%81%d0%bf-5\/","title":{"rendered":"MASA DIN INOX FARA POLITA CU BORDUR LA PERETE 600x500x850 mm -SV-5"},"content":{"rendered":"<p><strong>MASA DIN INOX FARA POLITA CU BORDUR LA PERETE 600x500x850 mm -SV-5- <\/strong>Masa de produc\u021bie din o\u021bel inoxidabil este utilizat\u0103 pentru prelucrarea produselor, instalarea inventarului \u0219i echipamentelor. Fabricat din o\u021bel inoxidabil alimentar, blat din interior armat cu o foaie de PAL. Picioarele sunt reglabile pe \u00een\u0103l\u021bime.<\/p>\n<div>Caracteristici<\/div>\n<div><\/div>\n<div>Parametri (l\/l\/a): 600-2000\u00d7500-700\u00d7850 mm<\/div>\n<div><\/div>\n<div>*Mas\u0103 din inox pentru producere poate fi realizat\u0103 dup\u0103 m\u0103rimi individuale.<\/div>\n<p>&nbsp;<\/p>\n","protected":false},"excerpt":{"rendered":"<div class=\"product-short-description\">\n<p>Mas\u0103 de lucru din inox. Parametri (l\/l\/a) 600-2000\u00d7500-700\u00d7850 mm.<\/p>\n<\/div>\n","protected":false},"featured_media":42028,"template":"","meta":[],"_links":{"self":[{"href":"https:\/\/evotek.md\/ro\/wp-json\/wp\/v2\/product\/11992"}],"collection":[{"href":"https:\/\/evotek.md\/ro\/wp-json\/wp\/v2\/product"}],"about":[{"href":"https:\/\/evotek.md\/ro\/wp-json\/wp\/v2\/types\/product"}],"wp:featuredmedia":[{"embeddable":true,"href":"https:\/\/evotek.md\/ro\/wp-json\/wp\/v2\/media\/42028"}],"wp:attachment":[{"href":"https:\/\/evotek.md\/ro\/wp-json\/wp\/v2\/media?parent=11992"}],"curies":[{"name":"wp","href":"https:\/\/api.w.org\/{rel}","templated":true}]}}