{"id":11974,"date":"2020-06-04T09:49:54","date_gmt":"2020-06-04T09:49:54","guid":{"rendered":"https:\/\/evotek.md\/?post_type=product&#038;p=11974"},"modified":"2020-06-04T09:49:54","modified_gmt":"2020-06-04T09:49:54","slug":"forma-pentru-oua-piron-lec30041","status":"publish","type":"product","link":"https:\/\/evotek.md\/ro\/produse\/accesorii-si-inventar-bucatarie\/tave-si-accesorii-pentru-cuptoare\/recipiente-gastronomice\/forma-pentru-oua-piron-lec30041\/","title":{"rendered":"FORM\u0102 PENTRU OU\u0102 PIRON -LEC30041"},"content":{"rendered":"<p><strong>FORM\u0102 PENTRU OU\u0102 <\/strong><strong>PIRON <\/strong><strong>&#8211;<\/strong><strong>LEC30041- <\/strong>folosit \u00een alimenta\u021bia public\u0103, cafenele \u0219i restaurante, pentru coacere. Calitate excelent\u0103 cu 6 forme.<\/p>\n<p>Form\u0103 pentru ou\u0103, cu dimensiunea de: 530&#215;325 mm, GN 1\/1.<\/p>\n","protected":false},"excerpt":{"rendered":"<p>Form\u0103 pentru ou\u0103, cu dimensiunea de: 530&#215;325 mm, GN 1\/1.<\/p>\n","protected":false},"featured_media":11894,"template":"","meta":[],"_links":{"self":[{"href":"https:\/\/evotek.md\/ro\/wp-json\/wp\/v2\/product\/11974"}],"collection":[{"href":"https:\/\/evotek.md\/ro\/wp-json\/wp\/v2\/product"}],"about":[{"href":"https:\/\/evotek.md\/ro\/wp-json\/wp\/v2\/types\/product"}],"wp:featuredmedia":[{"embeddable":true,"href":"https:\/\/evotek.md\/ro\/wp-json\/wp\/v2\/media\/11894"}],"wp:attachment":[{"href":"https:\/\/evotek.md\/ro\/wp-json\/wp\/v2\/media?parent=11974"}],"curies":[{"name":"wp","href":"https:\/\/api.w.org\/{rel}","templated":true}]}}