{"id":11959,"date":"2020-06-04T09:43:12","date_gmt":"2020-06-04T09:43:12","guid":{"rendered":"https:\/\/evotek.md\/?post_type=product&#038;p=11959"},"modified":"2020-06-04T09:43:12","modified_gmt":"2020-06-04T09:43:12","slug":"forma-pentru-oua-piron-lec30029","status":"publish","type":"product","link":"https:\/\/evotek.md\/ro\/produse\/accesorii-si-inventar-bucatarie\/tave-si-accesorii-pentru-cuptoare\/recipiente-gastronomice\/forma-pentru-oua-piron-lec30029\/","title":{"rendered":"FORM\u0102 PENTRU OU\u0102 PIRON -LEC30029"},"content":{"rendered":"<p><strong>FORM\u0102 PENTRU OU\u0102 <\/strong><strong>PIRON <\/strong><strong>&#8211;<\/strong><strong>LEC30029- <\/strong>folosit \u00een alimenta\u021bia public\u0103, cafenele \u0219i restaurante, pentru coacere. Calitate excelent\u0103 cu 8 forme.<\/p>\n<p>Form\u0103 pentru ou\u0103, cu dimensiunea de: 600x400x20 mm.<\/p>\n","protected":false},"excerpt":{"rendered":"<p>Form\u0103 pentru ou\u0103, cu dimensiunea de: 600x400x20 mm.<\/p>\n","protected":false},"featured_media":11884,"template":"","meta":[],"_links":{"self":[{"href":"https:\/\/evotek.md\/ro\/wp-json\/wp\/v2\/product\/11959"}],"collection":[{"href":"https:\/\/evotek.md\/ro\/wp-json\/wp\/v2\/product"}],"about":[{"href":"https:\/\/evotek.md\/ro\/wp-json\/wp\/v2\/types\/product"}],"wp:featuredmedia":[{"embeddable":true,"href":"https:\/\/evotek.md\/ro\/wp-json\/wp\/v2\/media\/11884"}],"wp:attachment":[{"href":"https:\/\/evotek.md\/ro\/wp-json\/wp\/v2\/media?parent=11959"}],"curies":[{"name":"wp","href":"https:\/\/api.w.org\/{rel}","templated":true}]}}