{"id":1195,"date":"2020-02-05T14:02:58","date_gmt":"2020-02-05T14:06:13","guid":{"rendered":"https:\/\/evotek.md\/?post_type=product&#038;p=1195"},"modified":"2025-09-05T12:47:21","modified_gmt":"2025-09-05T12:47:21","slug":"grill-pentru-pui-hkn-oge12","status":"publish","type":"product","link":"https:\/\/evotek.md\/ro\/produse\/echipamente-pentru-fast-food\/grill-pentru-gaini-2\/grill-pentru-pui-hkn-oge12\/","title":{"rendered":"GRILL ELECTRIC PENTRU 12 PUI -HKN-OGE12"},"content":{"rendered":"<p><strong>GRILL ELECTRIC PENTRU 12 PUI -HKN-OGE12- <\/strong>Printre cele mai populare \u0219i deseori \u00eent\u00e2lnite \u00een unit\u0103\u021bile de alimenta\u021bie public\u0103 \u0219i \u00een supermarketurile alimentare, sunt grill-urile rotative (se mai numesc \u0219i \u201epentru pui\u201d). Carnea se rote\u0219te \u0219i este supus\u0103 radia\u021biilor infraro\u0219ii provenite din elementele de \u00eenc\u0103lzire situate \u00een mai multe locuri.<\/p>\n<p>Cu acest design, produsul prime\u0219te un impuls de c\u0103ldur\u0103, atunci c\u00e2nd se \u00eencadreaz\u0103 \u00een c\u00e2mpul de ac\u021biune al unuia dintre elementele de \u00eenc\u0103lzire. C\u0103ldura p\u0103trunde ad\u00e2nc \u00een suprafa\u021b\u0103 \u0219i se apropie de urm\u0103torul element de \u00eenc\u0103lzire deja oarecum r\u0103cit.<\/p>\n<p>Aceast\u0103 caracteristic\u0103 este cea care permite ca puiul (materiile prime cu un coeficient sc\u0103zut de conductivitate termic\u0103) s\u0103 se \u00eenc\u0103lzeasc\u0103 mai rapid, deoarece la temperatura potrivit\u0103 aleas\u0103 de un buc\u0103tar cu experien\u021b\u0103, o crust\u0103 uscat\u0103 nu se formeaz\u0103 imediat pe suprafa\u021ba produsului, ceea ce \u00eempiedic\u0103 pr\u0103jirea uniform\u0103 \u0219i rapid\u0103 a \u00eentregului produs. Carcasa grill-ului este din o\u021bel inoxidabil, are iluminare interioar\u0103 \u0219i sticl\u0103 termorezistent\u0103.<\/p>\n<p>Caracteristici<br \/>\nTip conexiune: Electricitate<br \/>\nTip gr\u0103tar pui: Carusel<br \/>\nCapacitate pui: 12 buc.<br \/>\nPutere: 4,5 kW<br \/>\nTensiune: 220 V<br \/>\nLungime: 810 mm<br \/>\nL\u0103\u021bime: 630 mm<br \/>\n\u00cen\u0103l\u021bime: 610 mm<br \/>\nGreutate net\u0103: 52,5 kg<br \/>\nGreutate brut\u0103: 60,5 kg<br \/>\nDimensiuni co\u0219: 440x110x40 mm<br \/>\nIluminare interioar\u0103<br \/>\nSticl\u0103 termorezistent\u0103<br \/>\nKitul include: co\u0219uri \u0219i o tav\u0103 pentru colectarea gr\u0103simii<\/p>\n","protected":false},"excerpt":{"rendered":"<p>Grill pentru 12 pui. Tip conexiune: electricitate; Tip grill: carusel; Capacitate pui: 12 buc.; Putere: 4,5 kW; Tensiune: 220 V; Lungime: 810 mm; L\u0103\u021bime: 630 mm; \u00cen\u0103l\u021bime: 610 mm; Greutate net\u0103: 52,5 kg; Greutate brut\u0103: 60,5 kg; Dimensiuni co\u0219: 440x110x40 mm; Iluminare interioar\u0103; Sticl\u0103 termorezistent\u0103; Include: co\u0219uri \u0219i o tav\u0103 pentru colectarea gr\u0103simii.<\/p>\n<p>&nbsp;<\/p>\n","protected":false},"featured_media":1194,"template":"","meta":[],"_links":{"self":[{"href":"https:\/\/evotek.md\/ro\/wp-json\/wp\/v2\/product\/1195"}],"collection":[{"href":"https:\/\/evotek.md\/ro\/wp-json\/wp\/v2\/product"}],"about":[{"href":"https:\/\/evotek.md\/ro\/wp-json\/wp\/v2\/types\/product"}],"wp:featuredmedia":[{"embeddable":true,"href":"https:\/\/evotek.md\/ro\/wp-json\/wp\/v2\/media\/1194"}],"wp:attachment":[{"href":"https:\/\/evotek.md\/ro\/wp-json\/wp\/v2\/media?parent=1195"}],"curies":[{"name":"wp","href":"https:\/\/api.w.org\/{rel}","templated":true}]}}