{"id":1185,"date":"2020-02-05T13:47:35","date_gmt":"2020-02-05T13:47:35","guid":{"rendered":"https:\/\/evotek.md\/?post_type=product&#038;p=1185"},"modified":"2020-03-04T17:28:59","modified_gmt":"2020-03-04T17:28:59","slug":"piatra-de-lava-pentru-griluri","status":"publish","type":"product","link":"https:\/\/evotek.md\/ro\/produse\/echipamente-pentru-fast-food\/grill-lava-2\/piatra-de-lava-pentru-griluri\/","title":{"rendered":"PIATR\u0102 DE LAV\u0102 PENTRU GRILURI"},"content":{"rendered":"<p><strong>PIATR\u0102 DE LAV\u0102 PENTRU GRILURI &#8211; <\/strong>Piatra vulcanic\u0103, este folosit\u0103 pentru gr\u0103tarele de lav\u0103, cunoscut\u0103 \u00a0datorit\u0103 propriet\u0103\u021bilor lor. Contribuie la o distribu\u021bie uniform\u0103 a c\u0103ldurii, absoarbe excesul de umiditate \u0219i a gr\u0103simii, dar \u0219i reduce mirosul nepl\u0103cut.<\/p>\n<p>Caracteristici<\/p>\n<p>Brand Hurakan<\/p>\n<p>Greutate net\u0103: 3 kg<\/p>\n","protected":false},"excerpt":{"rendered":"<p>Piatr\u0103 de lav\u0103 pentru griluri de 3 kg.<\/p>\n","protected":false},"featured_media":1184,"template":"","meta":[],"_links":{"self":[{"href":"https:\/\/evotek.md\/ro\/wp-json\/wp\/v2\/product\/1185"}],"collection":[{"href":"https:\/\/evotek.md\/ro\/wp-json\/wp\/v2\/product"}],"about":[{"href":"https:\/\/evotek.md\/ro\/wp-json\/wp\/v2\/types\/product"}],"wp:featuredmedia":[{"embeddable":true,"href":"https:\/\/evotek.md\/ro\/wp-json\/wp\/v2\/media\/1184"}],"wp:attachment":[{"href":"https:\/\/evotek.md\/ro\/wp-json\/wp\/v2\/media?parent=1185"}],"curies":[{"name":"wp","href":"https:\/\/api.w.org\/{rel}","templated":true}]}}