{"id":11778,"date":"2020-06-03T11:19:19","date_gmt":"2020-06-03T11:19:19","guid":{"rendered":"https:\/\/evotek.md\/?post_type=product&#038;p=11778"},"modified":"2020-06-03T11:19:19","modified_gmt":"2020-06-03T11:19:19","slug":"dospitor-8-nivele-piron-pl6008","status":"publish","type":"product","link":"https:\/\/evotek.md\/ro\/produse\/echipamente-termice\/dospitor\/dospitor-8-nivele-piron-pl6008\/","title":{"rendered":"DOSPITOR 8 NIVELE PIRON -PL6008"},"content":{"rendered":"<p><strong>DOSPITOR 8 NIVELE PIRON -PL6008- <\/strong>se folose\u0219te pentru dospirea buc\u0103\u021bilor de aluat, a semifabricatelor congelate rapid din aluat cu drojdie \u0219i produsele de panifica\u021bie la temperatur\u0103 \u0219i umiditate controlat\u0103. Carcas\u0103 din inox, u\u0219\u0103 basculant\u0103 din sticl\u0103.<\/p>\n<p>Caracteristici<\/p>\n<p>Dimensiuni exterioare: 600x600x950 mm<\/p>\n<p>Putere: 2 kW<\/p>\n<p>Sursa de alimentare: 230 V<\/p>\n<p>Intervalul de temperatur\u0103: 30-90 \u00b0 C<\/p>\n<p>Greutate: 40 kg<\/p>\n<p>Num\u0103rul tave: 8x 442&#215;325 sau 8x GN 2\/3<\/p>\n<p>&nbsp;<\/p>\n","protected":false},"excerpt":{"rendered":"<p>Dospitor cu 8 nivele. Dimensiuni exterioare: 600x600x950 mm; Putere: 2 Kw; Intervalul de temperatur\u0103: 30-90 \u00b0 C; Greutate: 40 kg; Num\u0103rul tave: \u00a08x 442&#215;325 sau 8x GN 2\/3.<\/p>\n","protected":false},"featured_media":11764,"template":"","meta":[],"_links":{"self":[{"href":"https:\/\/evotek.md\/ro\/wp-json\/wp\/v2\/product\/11778"}],"collection":[{"href":"https:\/\/evotek.md\/ro\/wp-json\/wp\/v2\/product"}],"about":[{"href":"https:\/\/evotek.md\/ro\/wp-json\/wp\/v2\/types\/product"}],"wp:featuredmedia":[{"embeddable":true,"href":"https:\/\/evotek.md\/ro\/wp-json\/wp\/v2\/media\/11764"}],"wp:attachment":[{"href":"https:\/\/evotek.md\/ro\/wp-json\/wp\/v2\/media?parent=11778"}],"curies":[{"name":"wp","href":"https:\/\/api.w.org\/{rel}","templated":true}]}}