{"id":11739,"date":"2020-06-03T08:45:38","date_gmt":"2020-06-03T08:45:38","guid":{"rendered":"https:\/\/evotek.md\/?post_type=product&#038;p=11739"},"modified":"2020-06-03T08:45:39","modified_gmt":"2020-06-03T08:45:39","slug":"sonda-principala-pentru-sous-vide-piron-ksn00022","status":"publish","type":"product","link":"https:\/\/evotek.md\/ro\/produse\/accesorii-si-inventar-bucatarie\/tave-si-accesorii-pentru-cuptoare\/kituri-optionale\/sonda-principala-pentru-sous-vide-piron-ksn00022\/","title":{"rendered":"SOND\u0102 PRINCIPAL\u0102 PENTRU SOUS-VIDE PIRON -KSN00022"},"content":{"rendered":"<p><strong>SOND\u0102 PRINCIPAL\u0102 PENTRU SOUS-VIDE PIRON -KSN00022-<\/strong><\/p>\n<p>Sond\u0103 principal\u0103 pentru sous-vide.<\/p>\n","protected":false},"excerpt":{"rendered":"<p>Sond\u0103 principal\u0103 pentru sous-vide.<\/p>\n","protected":false},"featured_media":11678,"template":"","meta":[],"_links":{"self":[{"href":"https:\/\/evotek.md\/ro\/wp-json\/wp\/v2\/product\/11739"}],"collection":[{"href":"https:\/\/evotek.md\/ro\/wp-json\/wp\/v2\/product"}],"about":[{"href":"https:\/\/evotek.md\/ro\/wp-json\/wp\/v2\/types\/product"}],"wp:featuredmedia":[{"embeddable":true,"href":"https:\/\/evotek.md\/ro\/wp-json\/wp\/v2\/media\/11678"}],"wp:attachment":[{"href":"https:\/\/evotek.md\/ro\/wp-json\/wp\/v2\/media?parent=11739"}],"curies":[{"name":"wp","href":"https:\/\/api.w.org\/{rel}","templated":true}]}}