{"id":11733,"date":"2020-06-03T08:42:47","date_gmt":"2020-06-03T08:42:47","guid":{"rendered":"https:\/\/evotek.md\/?post_type=product&#038;p=11733"},"modified":"2020-06-03T08:42:47","modified_gmt":"2020-06-03T08:42:47","slug":"roti-cu-frana-piron-kru00015","status":"publish","type":"product","link":"https:\/\/evotek.md\/ro\/produse\/accesorii-si-inventar-bucatarie\/tave-si-accesorii-pentru-cuptoare\/kituri-optionale\/roti-cu-frana-piron-kru00015\/","title":{"rendered":"RO\u021aI CU FR\u00c2N\u0102 PIRON -KRU00015"},"content":{"rendered":"<p><strong>RO\u021aI CU FR\u00c2N\u0102 PIRON &#8211;<\/strong><strong>KRU00015-<\/strong><\/p>\n<p>4 ro\u021bi cu fr\u00e2n\u0103, \u00een\u0103l\u021bime 16 cm-5 kg (se monteaz\u0103 pe suporturi).<\/p>\n","protected":false},"excerpt":{"rendered":"<p>4 ro\u021bi cu fr\u00e2n\u0103, \u00een\u0103l\u021bime 16 cm-5 kg (se monteaz\u0103 pe suporturi).<\/p>\n","protected":false},"featured_media":11674,"template":"","meta":[],"_links":{"self":[{"href":"https:\/\/evotek.md\/ro\/wp-json\/wp\/v2\/product\/11733"}],"collection":[{"href":"https:\/\/evotek.md\/ro\/wp-json\/wp\/v2\/product"}],"about":[{"href":"https:\/\/evotek.md\/ro\/wp-json\/wp\/v2\/types\/product"}],"wp:featuredmedia":[{"embeddable":true,"href":"https:\/\/evotek.md\/ro\/wp-json\/wp\/v2\/media\/11674"}],"wp:attachment":[{"href":"https:\/\/evotek.md\/ro\/wp-json\/wp\/v2\/media?parent=11733"}],"curies":[{"name":"wp","href":"https:\/\/api.w.org\/{rel}","templated":true}]}}