{"id":11709,"date":"2020-06-03T08:29:58","date_gmt":"2020-06-03T08:29:58","guid":{"rendered":"https:\/\/evotek.md\/?post_type=product&#038;p=11709"},"modified":"2020-06-03T08:29:58","modified_gmt":"2020-06-03T08:29:58","slug":"kit-de-suport-lateral-la-5-nivele-piron-kgi00003","status":"publish","type":"product","link":"https:\/\/evotek.md\/ro\/produse\/accesorii-si-inventar-bucatarie\/tave-si-accesorii-pentru-cuptoare\/kituri-optionale\/kit-de-suport-lateral-la-5-nivele-piron-kgi00003\/","title":{"rendered":"KIT DE SUPORT LATERAL LA 5 NIVELE PIRON -KGI00003"},"content":{"rendered":"<p><strong>KIT DE SUPORT LATERAL LA <\/strong><strong>5<\/strong><strong> NIVELE PIRON -KGI00003- <\/strong>Kit pentru tave gastronomice cu 5 nivele, distan\u021ba dintre nivele este de 67 mm. Numai pentru GN1\/1. Ele ajut\u0103 la prevenirea r\u0103sturn\u0103rii recipientelor gastronomice.<\/p>\n","protected":false},"excerpt":{"rendered":"<p>Kit pentru tave gastronomice cu 5 nivele, distan\u021ba dintre nivele este de 67 mm. Numai pentru GN1\/1. Ele ajut\u0103 la prevenirea r\u0103sturn\u0103rii recipientelor gastronomice.<\/p>\n","protected":false},"featured_media":11662,"template":"","meta":[],"_links":{"self":[{"href":"https:\/\/evotek.md\/ro\/wp-json\/wp\/v2\/product\/11709"}],"collection":[{"href":"https:\/\/evotek.md\/ro\/wp-json\/wp\/v2\/product"}],"about":[{"href":"https:\/\/evotek.md\/ro\/wp-json\/wp\/v2\/types\/product"}],"wp:featuredmedia":[{"embeddable":true,"href":"https:\/\/evotek.md\/ro\/wp-json\/wp\/v2\/media\/11662"}],"wp:attachment":[{"href":"https:\/\/evotek.md\/ro\/wp-json\/wp\/v2\/media?parent=11709"}],"curies":[{"name":"wp","href":"https:\/\/api.w.org\/{rel}","templated":true}]}}