{"id":11706,"date":"2020-06-03T08:28:37","date_gmt":"2020-06-03T08:28:37","guid":{"rendered":"https:\/\/evotek.md\/?post_type=product&#038;p=11706"},"modified":"2020-06-03T08:28:37","modified_gmt":"2020-06-03T08:28:37","slug":"kit-de-suport-lateral-la-7-nivele-piron-kgi00002","status":"publish","type":"product","link":"https:\/\/evotek.md\/ro\/produse\/accesorii-si-inventar-bucatarie\/tave-si-accesorii-pentru-cuptoare\/kituri-optionale\/kit-de-suport-lateral-la-7-nivele-piron-kgi00002\/","title":{"rendered":"KIT DE SUPORT LATERAL LA 7 NIVELE PIRON -KGI00002"},"content":{"rendered":"<p><strong>KIT DE SUPORT LATERAL LA <\/strong><strong>7<\/strong><strong> NIVELE PIRON -KGI0000<\/strong><strong>2<\/strong><strong>&#8211; <\/strong>Kit pentru tave gastronomice cu 7 nivele, distan\u021ba dintre nivele este de 67 mm. Numai pentru GN1\/1. Ele ajut\u0103 la prevenirea r\u0103sturn\u0103rii recipientelor gastronomice.<\/p>\n","protected":false},"excerpt":{"rendered":"<p>Kit pentru tave gastronomice cu 7 nivele, distan\u021ba dintre nivele este de 67 mm. Numai pentru GN1\/1. Ele ajut\u0103 la prevenirea r\u0103sturn\u0103rii recipientelor gastronomice.<\/p>\n","protected":false},"featured_media":11660,"template":"","meta":[],"_links":{"self":[{"href":"https:\/\/evotek.md\/ro\/wp-json\/wp\/v2\/product\/11706"}],"collection":[{"href":"https:\/\/evotek.md\/ro\/wp-json\/wp\/v2\/product"}],"about":[{"href":"https:\/\/evotek.md\/ro\/wp-json\/wp\/v2\/types\/product"}],"wp:featuredmedia":[{"embeddable":true,"href":"https:\/\/evotek.md\/ro\/wp-json\/wp\/v2\/media\/11660"}],"wp:attachment":[{"href":"https:\/\/evotek.md\/ro\/wp-json\/wp\/v2\/media?parent=11706"}],"curies":[{"name":"wp","href":"https:\/\/api.w.org\/{rel}","templated":true}]}}