{"id":11703,"date":"2020-06-03T08:24:00","date_gmt":"2020-06-03T08:24:00","guid":{"rendered":"https:\/\/evotek.md\/?post_type=product&#038;p=11703"},"modified":"2020-06-03T08:24:00","modified_gmt":"2020-06-03T08:24:00","slug":"kit-de-suport-lateral-la-12-nivele-piron-kgi00001","status":"publish","type":"product","link":"https:\/\/evotek.md\/ro\/produse\/accesorii-si-inventar-bucatarie\/tave-si-accesorii-pentru-cuptoare\/kituri-optionale\/kit-de-suport-lateral-la-12-nivele-piron-kgi00001\/","title":{"rendered":"KIT DE SUPORT LATERAL LA 12 NIVELE PIRON -KGI00001"},"content":{"rendered":"<p><strong>KIT DE SUPORT LATERAL LA 12 NIVELE PIRON -KGI00001- <\/strong>Kit pentru tave gastronomice cu 12 nivele, distan\u021ba dintre nivele este de 67 mm. Numai pentru GN1\/1. Ele ajut\u0103 la prevenirea r\u0103sturn\u0103rii recipientelor gastronomice.<\/p>\n","protected":false},"excerpt":{"rendered":"<p>Kit pentru tave gastronomice cu 12 nivele, distan\u021ba dintre nivele este de 67 mm. Numai pentru GN1\/1. Ele ajut\u0103 la prevenirea r\u0103sturn\u0103rii recipientelor gastronomice.<\/p>\n","protected":false},"featured_media":11658,"template":"","meta":[],"_links":{"self":[{"href":"https:\/\/evotek.md\/ro\/wp-json\/wp\/v2\/product\/11703"}],"collection":[{"href":"https:\/\/evotek.md\/ro\/wp-json\/wp\/v2\/product"}],"about":[{"href":"https:\/\/evotek.md\/ro\/wp-json\/wp\/v2\/types\/product"}],"wp:featuredmedia":[{"embeddable":true,"href":"https:\/\/evotek.md\/ro\/wp-json\/wp\/v2\/media\/11658"}],"wp:attachment":[{"href":"https:\/\/evotek.md\/ro\/wp-json\/wp\/v2\/media?parent=11703"}],"curies":[{"name":"wp","href":"https:\/\/api.w.org\/{rel}","templated":true}]}}