{"id":11636,"date":"2020-06-02T10:11:56","date_gmt":"2020-06-02T10:11:56","guid":{"rendered":"https:\/\/evotek.md\/?post_type=product&#038;p=11636"},"modified":"2020-06-02T10:11:57","modified_gmt":"2020-06-02T10:11:57","slug":"raft-grilat-pentru-gaini-piron-kgi00164","status":"publish","type":"product","link":"https:\/\/evotek.md\/ro\/produse\/accesorii-si-inventar-bucatarie\/tave-si-accesorii-pentru-cuptoare\/rafturi-grilate-pentru-cuptoare\/raft-grilat-pentru-gaini-piron-kgi00164\/","title":{"rendered":"RAFT GRILAT PENTRU G\u0102INI PIRON -KGI00164-"},"content":{"rendered":"<p><strong>RAFT GRILAT PENTRU G\u0102INI PIRON<\/strong> <strong>-KGI00164-<\/strong><\/p>\n<p>Raft grilat pentru g\u0103ini cu o tav\u0103 pentru colectarea gr\u0103simii cu acoperire de teflon GN 1\/1: 530&#215;325 mm<\/p>\n","protected":false},"excerpt":{"rendered":"<p>Raft grilat pentru g\u0103ini cu o tav\u0103 pentru colectarea gr\u0103simii cu acoperire de teflon GN 1\/1: 530&#215;325 mm<\/p>\n","protected":false},"featured_media":11604,"template":"","meta":[],"_links":{"self":[{"href":"https:\/\/evotek.md\/ro\/wp-json\/wp\/v2\/product\/11636"}],"collection":[{"href":"https:\/\/evotek.md\/ro\/wp-json\/wp\/v2\/product"}],"about":[{"href":"https:\/\/evotek.md\/ro\/wp-json\/wp\/v2\/types\/product"}],"wp:featuredmedia":[{"embeddable":true,"href":"https:\/\/evotek.md\/ro\/wp-json\/wp\/v2\/media\/11604"}],"wp:attachment":[{"href":"https:\/\/evotek.md\/ro\/wp-json\/wp\/v2\/media?parent=11636"}],"curies":[{"name":"wp","href":"https:\/\/api.w.org\/{rel}","templated":true}]}}