{"id":11462,"date":"2020-05-25T12:48:45","date_gmt":"2020-05-25T12:48:45","guid":{"rendered":"https:\/\/evotek.md\/?post_type=product&#038;p=11462"},"modified":"2020-05-25T12:48:45","modified_gmt":"2020-05-25T12:48:45","slug":"intrerupator-pentru-plite","status":"publish","type":"product","link":"https:\/\/evotek.md\/ro\/produse\/piese-de-schimb\/elemente-de-incalzire\/intrerupator-pentru-plite\/","title":{"rendered":"\u00ceNTRERUP\u0102TOR PENTRU PLITE"},"content":{"rendered":"<p><strong>\u00ceNTRERUP\u0102TOR PENTRU PLITE<\/strong><\/p>\n<p>&nbsp;<\/p>\n","protected":false},"excerpt":{"rendered":"<p>\u00centrerup\u0103tor pentru plite<\/p>\n","protected":false},"featured_media":11461,"template":"","meta":[],"_links":{"self":[{"href":"https:\/\/evotek.md\/ro\/wp-json\/wp\/v2\/product\/11462"}],"collection":[{"href":"https:\/\/evotek.md\/ro\/wp-json\/wp\/v2\/product"}],"about":[{"href":"https:\/\/evotek.md\/ro\/wp-json\/wp\/v2\/types\/product"}],"wp:featuredmedia":[{"embeddable":true,"href":"https:\/\/evotek.md\/ro\/wp-json\/wp\/v2\/media\/11461"}],"wp:attachment":[{"href":"https:\/\/evotek.md\/ro\/wp-json\/wp\/v2\/media?parent=11462"}],"curies":[{"name":"wp","href":"https:\/\/api.w.org\/{rel}","templated":true}]}}