{"id":1145,"date":"2020-02-05T12:56:49","date_gmt":"2020-02-05T13:00:39","guid":{"rendered":"https:\/\/evotek.md\/?post_type=product&#038;p=1145"},"modified":"2023-03-02T09:53:32","modified_gmt":"2023-03-02T09:53:32","slug":"grill-contact-hkn-pe34r","status":"publish","type":"product","link":"https:\/\/evotek.md\/ro\/produse\/echipamente-pentru-fast-food\/grill-contact-panini-sandwich\/grill-contact-hkn-pe34r\/","title":{"rendered":"GRILL CONTACT ELECTRIC, RIFLAT -HKN-PE34R"},"content":{"rendered":"<p><strong>GRILL CONTACT ELECTRIC, RIFLAT -HKN-PE34R-<\/strong> echipament esen\u021bial \u00een buc\u0103t\u0103riile profesionale. Modelul garanteaz\u0103 pr\u0103jirea uniform\u0103 a produsului \u0219i v\u0103 permite, de asemenea, s\u0103 v\u0103 men\u021bine\u021bi calitatea \u0219i gustul, datorit\u0103 pr\u0103jirii produsului din dou\u0103 p\u0103r\u021bi. Temperatura de pr\u0103jire este de 50-300 \u00b0 C.<\/p>\n<p>Grill-ul are o tav\u0103 pentru colectarea g\u0103similor. Carcasa este din o\u021bel inoxidabil, suprafa\u021ba de lucru este din font\u0103 emailat\u0103. Suprafe\u021bele de lucru superioare \u0219i inferioare sunt ondulate.<\/p>\n<p>Caracteristici<\/p>\n<p>Brand Hurakan<\/p>\n<p>Dimensiuni: 430x370x210 mm<\/p>\n<p>Putere: 2,2 kW<\/p>\n<p>Greutate net\u0103: 20 kg<\/p>\n","protected":false},"excerpt":{"rendered":"<p>Grill contact cu o singur\u0103 suprafa\u021b\u0103 de lucru. Dimensiunea p\u0103r\u021bii superioare: 340&#215;230 mm, partea inferioar\u0103: 340&#215;230 mm; Dimensiuni generale: 430x370x210 mm; Conectare: 230 V; Putere: 2,2 kW; Greutate: 20 kg.<\/p>\n<p>&nbsp;<\/p>\n","protected":false},"featured_media":1144,"template":"","meta":[],"_links":{"self":[{"href":"https:\/\/evotek.md\/ro\/wp-json\/wp\/v2\/product\/1145"}],"collection":[{"href":"https:\/\/evotek.md\/ro\/wp-json\/wp\/v2\/product"}],"about":[{"href":"https:\/\/evotek.md\/ro\/wp-json\/wp\/v2\/types\/product"}],"wp:featuredmedia":[{"embeddable":true,"href":"https:\/\/evotek.md\/ro\/wp-json\/wp\/v2\/media\/1144"}],"wp:attachment":[{"href":"https:\/\/evotek.md\/ro\/wp-json\/wp\/v2\/media?parent=1145"}],"curies":[{"name":"wp","href":"https:\/\/api.w.org\/{rel}","templated":true}]}}