{"id":1140,"date":"2020-02-05T12:50:59","date_gmt":"2020-02-05T12:53:29","guid":{"rendered":"https:\/\/evotek.md\/?post_type=product&#038;p=1140"},"modified":"2023-03-02T09:57:05","modified_gmt":"2023-03-02T09:57:05","slug":"grill-contact-hkn-pe44r","status":"publish","type":"product","link":"https:\/\/evotek.md\/ro\/produse\/echipamente-pentru-fast-food\/grill-contact-panini-sandwich\/grill-contact-hkn-pe44r\/","title":{"rendered":"GRILL CONTACT ELECTRIC, DUBLU, RIFLAT -HKN-PE44R"},"content":{"rendered":"<p><strong>GRILL CONTACT ELECTRIC, DUBLU, RIFLAT -HKN-PE44R-<\/strong> Este un echipament necesar pentru utilizarea \u00een buc\u0103t\u0103riile profesionale. Modelul garanteaz\u0103 pr\u0103jirea uniform\u0103 a produsului \u0219i v\u0103 permite, de asemenea men\u021binerea calit\u0103\u021bii \u0219i gustului s\u0103u, deoarece suprafa\u021ba de lucru a gr\u0103tarului pr\u0103je\u0219re produsul din dou\u0103 p\u0103r\u021bi.<\/p>\n<p>Temperatura de pr\u0103jire este de 50-300 C. Pentru confort, gr\u0103tarul este echipat cu o tav\u0103 pentru colectarea gr\u0103simii. Acest model are dou\u0103 suprafe\u021be de lucru superioare. Dimensiunea suprafe\u021belor superioare de lucru este de 215&#215;215 mm. Dimensiunea suprafe\u021bei inferioare de lucru este de 475&#215;230 mm. Carcasa este din o\u021bel inoxidabil, suprafa\u021ba de lucru este din font\u0103 emailat\u0103. Suprafe\u021bele de lucru superioare \u0219i inferioare sunt ondulate.<\/p>\n<p>Caracteristici<\/p>\n<p>Brand Hurakan<\/p>\n<p>Dimensiuni: 570x370x210 mm<\/p>\n<p>Putere: 3,6 kW<\/p>\n<p>Greutate net\u0103: 27,2 kg<\/p>\n","protected":false},"excerpt":{"rendered":"<p>Grill contact cu dou\u0103 suprafe\u021be de lucru. Dimensiunea p\u0103r\u021bii superioare: 215&#215;215 mm, partea inferioar\u0103: 475&#215;230 mm; Dimensiuni generale: 570x370x210 mm. Conectare: 230 V; Puterea: 3,6 kW;\u00a0Greutate net\u0103: 27,2 kg.<\/p>\n","protected":false},"featured_media":1139,"template":"","meta":[],"_links":{"self":[{"href":"https:\/\/evotek.md\/ro\/wp-json\/wp\/v2\/product\/1140"}],"collection":[{"href":"https:\/\/evotek.md\/ro\/wp-json\/wp\/v2\/product"}],"about":[{"href":"https:\/\/evotek.md\/ro\/wp-json\/wp\/v2\/types\/product"}],"wp:featuredmedia":[{"embeddable":true,"href":"https:\/\/evotek.md\/ro\/wp-json\/wp\/v2\/media\/1139"}],"wp:attachment":[{"href":"https:\/\/evotek.md\/ro\/wp-json\/wp\/v2\/media?parent=1140"}],"curies":[{"name":"wp","href":"https:\/\/api.w.org\/{rel}","templated":true}]}}