{"id":11352,"date":"2020-05-22T17:14:32","date_gmt":"2020-05-22T17:14:32","guid":{"rendered":"https:\/\/evotek.md\/?post_type=product&#038;p=11352"},"modified":"2020-05-22T17:15:43","modified_gmt":"2020-05-22T17:15:43","slug":"incalzitor-electric-pentru-friteuza-%d1%84%d1%80-8-222e-10-5-2-5-z-220","status":"publish","type":"product","link":"https:\/\/evotek.md\/ro\/produse\/piese-de-schimb\/elemente-de-incalzire\/incalzitor-electric-pentru-friteuza-%d1%84%d1%80-8-222e-10-5-2-5-z-220\/","title":{"rendered":"\u00ceNC\u0102LZITOR ELECTRIC PENTRU FRITEUZ\u0102 \u0424\u0420-8 -\u0422\u042d\u041d 222E 10.5\/ 2.5 Z 220"},"content":{"rendered":"<p><strong>\u00ceNC\u0102LZITOR ELECTRIC PENTRU FRITEUZ\u0102 \u0424\u0420-8 -222E 10.5\/ 2.5 Z 220- <\/strong>din inox.<\/p>\n<p>Caracteristici<\/p>\n<p>Tensiune: 220 V<\/p>\n<p>&nbsp;<\/p>\n","protected":false},"excerpt":{"rendered":"<p>\u00cenc\u0103lzitor pentru friteuz\u0103. Tensiune: 220 V<\/p>\n","protected":false},"featured_media":11351,"template":"","meta":[],"_links":{"self":[{"href":"https:\/\/evotek.md\/ro\/wp-json\/wp\/v2\/product\/11352"}],"collection":[{"href":"https:\/\/evotek.md\/ro\/wp-json\/wp\/v2\/product"}],"about":[{"href":"https:\/\/evotek.md\/ro\/wp-json\/wp\/v2\/types\/product"}],"wp:featuredmedia":[{"embeddable":true,"href":"https:\/\/evotek.md\/ro\/wp-json\/wp\/v2\/media\/11351"}],"wp:attachment":[{"href":"https:\/\/evotek.md\/ro\/wp-json\/wp\/v2\/media?parent=11352"}],"curies":[{"name":"wp","href":"https:\/\/api.w.org\/{rel}","templated":true}]}}