{"id":1135,"date":"2020-02-05T12:45:07","date_gmt":"2020-02-05T12:45:07","guid":{"rendered":"https:\/\/evotek.md\/?post_type=product&#038;p=1135"},"modified":"2021-04-23T06:56:54","modified_gmt":"2021-04-23T06:56:54","slug":"grill-salamandra-hkn-sal450mbm","status":"publish","type":"product","link":"https:\/\/evotek.md\/ro\/produse\/echipamente-pentru-fast-food\/grill-salamander-2\/grill-salamandra-hkn-sal450mbm\/","title":{"rendered":"GRILL SALAMANDRA HKN-SAL450MBM"},"content":{"rendered":"<p><strong>GRILL SALAMANDRA<\/strong> <strong>HKN-SAL450MBM<\/strong> &#8211; Cu ajutorul acestui grill oferi\u021bi produselor o crust\u0103 delicioas\u0103. O caracteristic\u0103 a grill-ului Salamandra este prezen\u021ba zonei de \u00eenc\u0103lzire numai \u00een partea superioar\u0103 a produsului.<\/p>\n<p>Partea superioar\u0103 este mobil\u0103 la un maxim de 140 mm. Temperaturi de coacere &#8211; 50-300 C. O singur\u0103 zon\u0103 de \u00eenc\u0103lzire. Carcasa gr\u0103tarului este din o\u021bel inoxidabil.<\/p>\n<p>Caracteristici<\/p>\n<p>Brand Hurakan<\/p>\n<p>Dimensiuni: 450x480x520 mm<\/p>\n<p>Putere: 3,3 kW<\/p>\n<p>Greutate net\u0103: 30 kg<\/p>\n","protected":false},"excerpt":{"rendered":"<p>Grill Salamandra cu o zon\u0103 de \u00eenc\u0103lzire. Dimensiuni: 450x480x520 mm; Conectare: 230 V; Putere: 2,8 kW; Greutate net\u0103: 30 kg.<\/p>\n","protected":false},"featured_media":1134,"template":"","meta":[],"_links":{"self":[{"href":"https:\/\/evotek.md\/ro\/wp-json\/wp\/v2\/product\/1135"}],"collection":[{"href":"https:\/\/evotek.md\/ro\/wp-json\/wp\/v2\/product"}],"about":[{"href":"https:\/\/evotek.md\/ro\/wp-json\/wp\/v2\/types\/product"}],"wp:featuredmedia":[{"embeddable":true,"href":"https:\/\/evotek.md\/ro\/wp-json\/wp\/v2\/media\/1134"}],"wp:attachment":[{"href":"https:\/\/evotek.md\/ro\/wp-json\/wp\/v2\/media?parent=1135"}],"curies":[{"name":"wp","href":"https:\/\/api.w.org\/{rel}","templated":true}]}}