{"id":11347,"date":"2020-05-22T17:12:29","date_gmt":"2020-05-22T17:12:29","guid":{"rendered":"https:\/\/evotek.md\/?post_type=product&#038;p=11347"},"modified":"2020-05-22T17:12:29","modified_gmt":"2020-05-22T17:12:29","slug":"incalzitor-electric-pentru-friteuza-%d1%84%d1%80-5-%d1%82%d1%8d%d0%bd-200-%d0%b510-22-z-220","status":"publish","type":"product","link":"https:\/\/evotek.md\/ro\/produse\/piese-de-schimb\/elemente-de-incalzire\/incalzitor-electric-pentru-friteuza-%d1%84%d1%80-5-%d1%82%d1%8d%d0%bd-200-%d0%b510-22-z-220\/","title":{"rendered":"\u00ceNC\u0102LZITOR ELECTRIC PENTRU FRITEUZ\u0102 \u0424\u0420-5 -\u0422\u042d\u041d 200 \u041510\/2,2 Z 220"},"content":{"rendered":"<p><strong>\u00ceNC\u0102LZITOR ELECTRIC PENTRU FRITEUZ\u0102 \u0424\u0420-5 -\u0422\u042d\u041d 200 \u041510\/2,2 Z 220- <\/strong>din inox.<\/p>\n<p>Caracteristici<\/p>\n<p>Tensiune: 220 V<\/p>\n<p>&nbsp;<\/p>\n<p><strong>\u00a0<\/strong><\/p>\n","protected":false},"excerpt":{"rendered":"<p>\u00cenc\u0103lzitor pentru friteuz\u0103. Tensiune: 220 V<\/p>\n","protected":false},"featured_media":11346,"template":"","meta":[],"_links":{"self":[{"href":"https:\/\/evotek.md\/ro\/wp-json\/wp\/v2\/product\/11347"}],"collection":[{"href":"https:\/\/evotek.md\/ro\/wp-json\/wp\/v2\/product"}],"about":[{"href":"https:\/\/evotek.md\/ro\/wp-json\/wp\/v2\/types\/product"}],"wp:featuredmedia":[{"embeddable":true,"href":"https:\/\/evotek.md\/ro\/wp-json\/wp\/v2\/media\/11346"}],"wp:attachment":[{"href":"https:\/\/evotek.md\/ro\/wp-json\/wp\/v2\/media?parent=11347"}],"curies":[{"name":"wp","href":"https:\/\/api.w.org\/{rel}","templated":true}]}}